{"id":985,"date":"2021-12-16T10:46:48","date_gmt":"2021-12-16T10:46:48","guid":{"rendered":"http:\/\/demo.terix.com\/?page_id=985"},"modified":"2021-12-16T10:48:47","modified_gmt":"2021-12-16T10:48:47","slug":"request-sales-quote","status":"publish","type":"page","link":"https:\/\/terix.com\/fr\/request-sales-quote\/","title":{"rendered":"DEMANDE DE CONSULTATION OU DEVIS"},"content":{"rendered":"<p>Discuter de ce que TERiX peut offrir pour am\u00e9liorer les niveaux de service mat\u00e9riel dans vos Centre de Donn\u00e9es, afin que vous puissiez consacrer plus de temps et d\u2019\u00e9nergie \u00e0 la croissance plut\u00f4t que de maintenir l\u2019infrastructure.<\/p>\n<p>Vous pouvez nous appeler au\u00a0<strong>000-800-100-7020 (India) 877-837-4999 (North America)<\/strong>\u00a0ou remplir le formulaire ci-dessous. Nous ferons les suivis qui s\u2019imposent.<\/p>\n<p>Just want to send feedback or comments rather than in-depth information,\u00a0<span lang=\"fr\">utilisez notre\u00a0<\/span><a href=\"\/contact\/\">Formulaire de contact<\/a>.<\/p>\n<p>&nbsp;<\/p>\n<p>\n<div class=\"wpcf7 no-js\" id=\"wpcf7-f683-o2\" lang=\"en-US\" dir=\"ltr\" data-wpcf7-id=\"683\">\n<div class=\"screen-reader-response\"><p role=\"status\" aria-live=\"polite\" aria-atomic=\"true\"><\/p> <ul><\/ul><\/div>\n<form action=\"\/fr\/wp-json\/wp\/v2\/pages\/985#wpcf7-f683-o2\" method=\"post\" class=\"wpcf7-form init\" aria-label=\"Contact form\" novalidate=\"novalidate\" data-status=\"init\">\n<fieldset class=\"hidden-fields-container\"><input type=\"hidden\" name=\"_wpcf7\" value=\"683\" \/><input type=\"hidden\" name=\"_wpcf7_version\" value=\"6.1.5\" \/><input type=\"hidden\" name=\"_wpcf7_locale\" value=\"en_US\" \/><input type=\"hidden\" name=\"_wpcf7_unit_tag\" value=\"wpcf7-f683-o2\" \/><input type=\"hidden\" name=\"_wpcf7_container_post\" value=\"0\" \/><input type=\"hidden\" name=\"_wpcf7_posted_data_hash\" value=\"\" \/><input type=\"hidden\" name=\"_wpcf7_recaptcha_response\" value=\"\" \/>\n<\/fieldset>\n<h3><strong>Joindre TERiX d\u00e8s aujourd\u2019hui!<\/strong>\n<\/h3>\n<div class=\"divider1\">\n\t<p>&nbsp;\n\t<\/p>\n<\/div>\n<div>\n\t<p><i class=\"fa fa-envelope-o\" aria-hidden=\"true\"><\/i><a href=\"mailto:contact@terix.com\">contact@terix.com<\/a>\n\t<\/p>\n<\/div>\n<p><label>Nom (obligatoire)<br \/>\n<span class=\"wpcf7-form-control-wrap\" data-name=\"your-name\"><input size=\"40\" maxlength=\"400\" class=\"wpcf7-form-control wpcf7-text wpcf7-validates-as-required\" aria-required=\"true\" aria-invalid=\"false\" value=\"\" type=\"text\" name=\"your-name\" \/><\/span> <\/label>\n<\/p>\n<p><label> Courriel (obligatoire)<br \/>\n<span class=\"wpcf7-form-control-wrap\" data-name=\"your-email\"><input size=\"40\" maxlength=\"400\" class=\"wpcf7-form-control wpcf7-email wpcf7-validates-as-required wpcf7-text wpcf7-validates-as-email\" aria-required=\"true\" aria-invalid=\"false\" value=\"\" type=\"email\" name=\"your-email\" \/><\/span> <\/label>\n<\/p>\n<p><label> Je suis<\/label><br \/>\n<span class=\"wpcf7-form-control-wrap\" data-name=\"IAm\"><span class=\"wpcf7-form-control wpcf7-checkbox\"><span class=\"wpcf7-list-item first\"><label><input type=\"checkbox\" name=\"IAm[]\" value=\"Revendeur\" \/><span class=\"wpcf7-list-item-label\">Revendeur<\/span><\/label><\/span><span class=\"wpcf7-list-item\"><label><input type=\"checkbox\" name=\"IAm[]\" value=\"Acheteur\" \/><span class=\"wpcf7-list-item-label\">Acheteur<\/span><\/label><\/span><span class=\"wpcf7-list-item last\"><label><input type=\"checkbox\" name=\"IAm[]\" value=\"Utilisateur\" \/><span class=\"wpcf7-list-item-label\">Utilisateur<\/span><\/label><\/span><\/span><\/span>\n<\/p>\n<p><label> Votre message (facultatif)<br \/>\n<span class=\"wpcf7-form-control-wrap\" data-name=\"your-message\"><textarea cols=\"40\" rows=\"10\" maxlength=\"2000\" class=\"wpcf7-form-control wpcf7-textarea\" aria-invalid=\"false\" name=\"your-message\"><\/textarea><\/span> <\/label>\n<\/p>\n<p>Input this code: <input type=\"hidden\" name=\"_wpcf7_captcha_challenge_captcha-778\" value=\"1078778470\" \/><img decoding=\"async\" class=\"wpcf7-form-control wpcf7-captchac wpcf7-captcha-captcha-778\" width=\"60\" height=\"20\" alt=\"captcha\" src=\"https:\/\/terix.com\/wp-content\/uploads\/wpcf7_captcha\/1078778470.png\" \/><br \/>\n<span class=\"wpcf7-form-control-wrap\" data-name=\"captcha-778\"><input size=\"4\" maxlength=\"4\" class=\"wpcf7-form-control wpcf7-captchar\" autocomplete=\"off\" aria-invalid=\"false\" value=\"\" type=\"text\" name=\"captcha-778\" \/><\/span>\n<\/p>\n<span class=\"wpcf7-form-control-wrap recaptcha\" data-name=\"recaptcha\"><span data-sitekey=\"6LcLjUssAAAAAHWUNV4faZeg4RJDYdVNlzc95ibQ\" class=\"wpcf7-form-control wpcf7-recaptcha g-recaptcha\"><\/span>\r\n<noscript>\r\n\t<div class=\"grecaptcha-noscript\">\r\n\t\t<iframe src=\"https:\/\/www.google.com\/recaptcha\/api\/fallback?k=6LcLjUssAAAAAHWUNV4faZeg4RJDYdVNlzc95ibQ\" frameborder=\"0\" scrolling=\"no\" width=\"310\" height=\"430\">\r\n\t\t<\/iframe>\r\n\t\t<textarea name=\"g-recaptcha-response\" rows=\"3\" cols=\"40\" placeholder=\"reCaptcha Response Here\">\r\n\t\t<\/textarea>\r\n\t<\/div>\r\n<\/noscript>\r\n<\/span>\n<p><input class=\"wpcf7-form-control wpcf7-submit has-spinner\" type=\"submit\" value=\"Envoyer\" \/>\n<\/p>\n<div>\n\t<p><a href=\"https:\/\/twitter.com\/TellTERix?ref_src=twsrc%5Etfw\" class=\"twitter-follow-button\" data-show-screen-name=\"false\" data-show-count=\"false\">Follow @TellTERix<\/a><script async src=\"https:\/\/platform.twitter.com\/widgets.js\" charset=\"utf-8\"><\/script><script src=\"https:\/\/platform.linkedin.com\/in.js\" type=\"text\/javascript\"> lang: en_US<\/script><br \/>\n<script type=\"IN\/FollowCompany\" data-id=\"71083\" data-counter=\"bottom\"><\/script>\n\t<\/p>\n<\/div><div class=\"wpcf7-response-output\" aria-hidden=\"true\"><\/div>\n<\/form>\n<\/div>\n<\/p>","protected":false},"excerpt":{"rendered":"<p>Discuter de ce que TERiX peut offrir pour am\u00e9liorer les&hellip;<a href=\"https:\/\/terix.com\/fr\/request-sales-quote\/\" class=\"more-link\"><span class=\"more-button\">Continue reading<span class=\"screen-reader-text\">DEMANDE DE CONSULTATION OU DEVIS<\/span><\/span><\/a><\/p>\n","protected":false},"author":1,"featured_media":0,"parent":0,"menu_order":0,"comment_status":"closed","ping_status":"closed","template":"elementor_header_footer","meta":{"footnotes":""},"class_list":["post-985","page","type-page","status-publish","hentry"],"yoast_head":"<!-- This site is optimized with the Yoast SEO plugin v27.3 - https:\/\/yoast.com\/product\/yoast-seo-wordpress\/ -->\n<title>DEMANDE DE CONSULTATION OU DEVIS &#8211; TERiX<\/title>\n<meta name=\"robots\" content=\"index, follow, max-snippet:-1, max-image-preview:large, max-video-preview:-1\" \/>\n<link rel=\"canonical\" href=\"https:\/\/terix.com\/request-sales-quote\/\" \/>\n<meta property=\"og:locale\" content=\"fr_FR\" \/>\n<meta property=\"og:type\" content=\"article\" \/>\n<meta property=\"og:title\" content=\"[:en]REQUEST SALES QUOTE[:fr]DEMANDE DE CONSULTATION OU DEVIS[:] &#8211; TERiX\" \/>\n<meta property=\"og:description\" content=\"Discuter de ce que TERiX peut offrir pour am\u00e9liorer les&hellip;Continue readingDEMANDE DE CONSULTATION OU DEVIS\" \/>\n<meta property=\"og:url\" content=\"https:\/\/terix.com\/request-sales-quote\/\" \/>\n<meta property=\"og:site_name\" content=\"TERiX\" \/>\n<meta property=\"article:publisher\" content=\"https:\/\/www.facebook.com\/terixcompservice\/\" \/>\n<meta property=\"article:modified_time\" content=\"2021-12-16T10:48:47+00:00\" \/>\n<meta property=\"og:image\" content=\"https:\/\/terix.com\/wp-content\/uploads\/2022\/04\/terix_logo.png\" \/>\n\t<meta property=\"og:image:width\" content=\"572\" \/>\n\t<meta property=\"og:image:height\" content=\"278\" \/>\n\t<meta property=\"og:image:type\" content=\"image\/png\" \/>\n<meta name=\"twitter:card\" content=\"summary_large_image\" \/>\n<meta name=\"twitter:site\" content=\"@TellTERix\" \/>\n<meta name=\"twitter:label1\" content=\"Dur\u00e9e de lecture estim\u00e9e\" \/>\n\t<meta name=\"twitter:data1\" content=\"1 minute\" \/>\n<script type=\"application\/ld+json\" class=\"yoast-schema-graph\">{\"@context\":\"https:\\\/\\\/schema.org\",\"@graph\":[{\"@type\":\"WebPage\",\"@id\":\"https:\\\/\\\/terix.com\\\/request-sales-quote\\\/\",\"url\":\"https:\\\/\\\/terix.com\\\/request-sales-quote\\\/\",\"name\":\"[:en]REQUEST SALES QUOTE[:fr]DEMANDE DE CONSULTATION OU DEVIS[:] &#8211; TERiX\",\"isPartOf\":{\"@id\":\"https:\\\/\\\/terix.com\\\/#website\"},\"datePublished\":\"2021-12-16T10:46:48+00:00\",\"dateModified\":\"2021-12-16T10:48:47+00:00\",\"breadcrumb\":{\"@id\":\"https:\\\/\\\/terix.com\\\/request-sales-quote\\\/#breadcrumb\"},\"inLanguage\":\"fr-FR\",\"potentialAction\":[{\"@type\":\"ReadAction\",\"target\":[\"https:\\\/\\\/terix.com\\\/request-sales-quote\\\/\"]}]},{\"@type\":\"BreadcrumbList\",\"@id\":\"https:\\\/\\\/terix.com\\\/request-sales-quote\\\/#breadcrumb\",\"itemListElement\":[{\"@type\":\"ListItem\",\"position\":1,\"name\":\"Home\",\"item\":\"https:\\\/\\\/terix.com\\\/\"},{\"@type\":\"ListItem\",\"position\":2,\"name\":\"REQUEST SALES QUOTE\"}]},{\"@type\":\"WebSite\",\"@id\":\"https:\\\/\\\/terix.com\\\/#website\",\"url\":\"https:\\\/\\\/terix.com\\\/\",\"name\":\"TERiX\",\"description\":\"Third Party Maintenance\",\"publisher\":{\"@id\":\"https:\\\/\\\/terix.com\\\/#organization\"},\"potentialAction\":[{\"@type\":\"SearchAction\",\"target\":{\"@type\":\"EntryPoint\",\"urlTemplate\":\"https:\\\/\\\/terix.com\\\/?s={search_term_string}\"},\"query-input\":{\"@type\":\"PropertyValueSpecification\",\"valueRequired\":true,\"valueName\":\"search_term_string\"}}],\"inLanguage\":\"fr-FR\"},{\"@type\":\"Organization\",\"@id\":\"https:\\\/\\\/terix.com\\\/#organization\",\"name\":\"TERiX International\",\"url\":\"https:\\\/\\\/terix.com\\\/\",\"logo\":{\"@type\":\"ImageObject\",\"inLanguage\":\"fr-FR\",\"@id\":\"https:\\\/\\\/terix.com\\\/#\\\/schema\\\/logo\\\/image\\\/\",\"url\":\"https:\\\/\\\/terix.com\\\/wp-content\\\/uploads\\\/2021\\\/09\\\/terix-logo.png\",\"contentUrl\":\"https:\\\/\\\/terix.com\\\/wp-content\\\/uploads\\\/2021\\\/09\\\/terix-logo.png\",\"width\":147,\"height\":56,\"caption\":\"TERiX International\"},\"image\":{\"@id\":\"https:\\\/\\\/terix.com\\\/#\\\/schema\\\/logo\\\/image\\\/\"},\"sameAs\":[\"https:\\\/\\\/www.facebook.com\\\/terixcompservice\\\/\",\"https:\\\/\\\/x.com\\\/TellTERix\",\"https:\\\/\\\/www.linkedin.com\\\/company\\\/terix-computer-service\"]}]}<\/script>\n<!-- \/ Yoast SEO plugin. -->","yoast_head_json":{"title":"[:en]REQUEST SALES QUOTE[:fr]DEMANDE DE CONSULTATION OU DEVIS[:] &#8211; TERiX","robots":{"index":"index","follow":"follow","max-snippet":"max-snippet:-1","max-image-preview":"max-image-preview:large","max-video-preview":"max-video-preview:-1"},"canonical":"https:\/\/terix.com\/request-sales-quote\/","og_locale":"fr_FR","og_type":"article","og_title":"[:en]REQUEST SALES QUOTE[:fr]DEMANDE DE CONSULTATION OU DEVIS[:] &#8211; TERiX","og_description":"Discuter de ce que TERiX peut offrir pour am\u00e9liorer les&hellip;Continue readingDEMANDE DE CONSULTATION OU DEVIS","og_url":"https:\/\/terix.com\/request-sales-quote\/","og_site_name":"TERiX","article_publisher":"https:\/\/www.facebook.com\/terixcompservice\/","article_modified_time":"2021-12-16T10:48:47+00:00","og_image":[{"width":572,"height":278,"url":"https:\/\/terix.com\/wp-content\/uploads\/2022\/04\/terix_logo.png","type":"image\/png"}],"twitter_card":"summary_large_image","twitter_site":"@TellTERix","twitter_misc":{"Dur\u00e9e de lecture estim\u00e9e":"1 minute"},"schema":{"@context":"https:\/\/schema.org","@graph":[{"@type":"WebPage","@id":"https:\/\/terix.com\/request-sales-quote\/","url":"https:\/\/terix.com\/request-sales-quote\/","name":"[:en]REQUEST SALES QUOTE[:fr]DEMANDE DE CONSULTATION OU DEVIS[:] &#8211; TERiX","isPartOf":{"@id":"https:\/\/terix.com\/#website"},"datePublished":"2021-12-16T10:46:48+00:00","dateModified":"2021-12-16T10:48:47+00:00","breadcrumb":{"@id":"https:\/\/terix.com\/request-sales-quote\/#breadcrumb"},"inLanguage":"fr-FR","potentialAction":[{"@type":"ReadAction","target":["https:\/\/terix.com\/request-sales-quote\/"]}]},{"@type":"BreadcrumbList","@id":"https:\/\/terix.com\/request-sales-quote\/#breadcrumb","itemListElement":[{"@type":"ListItem","position":1,"name":"Home","item":"https:\/\/terix.com\/"},{"@type":"ListItem","position":2,"name":"REQUEST SALES QUOTE"}]},{"@type":"WebSite","@id":"https:\/\/terix.com\/#website","url":"https:\/\/terix.com\/","name":"TERiX","description":"Third Party Maintenance","publisher":{"@id":"https:\/\/terix.com\/#organization"},"potentialAction":[{"@type":"SearchAction","target":{"@type":"EntryPoint","urlTemplate":"https:\/\/terix.com\/?s={search_term_string}"},"query-input":{"@type":"PropertyValueSpecification","valueRequired":true,"valueName":"search_term_string"}}],"inLanguage":"fr-FR"},{"@type":"Organization","@id":"https:\/\/terix.com\/#organization","name":"TERiX International","url":"https:\/\/terix.com\/","logo":{"@type":"ImageObject","inLanguage":"fr-FR","@id":"https:\/\/terix.com\/#\/schema\/logo\/image\/","url":"https:\/\/terix.com\/wp-content\/uploads\/2021\/09\/terix-logo.png","contentUrl":"https:\/\/terix.com\/wp-content\/uploads\/2021\/09\/terix-logo.png","width":147,"height":56,"caption":"TERiX International"},"image":{"@id":"https:\/\/terix.com\/#\/schema\/logo\/image\/"},"sameAs":["https:\/\/www.facebook.com\/terixcompservice\/","https:\/\/x.com\/TellTERix","https:\/\/www.linkedin.com\/company\/terix-computer-service"]}]}},"_links":{"self":[{"href":"https:\/\/terix.com\/fr\/wp-json\/wp\/v2\/pages\/985","targetHints":{"allow":["GET"]}}],"collection":[{"href":"https:\/\/terix.com\/fr\/wp-json\/wp\/v2\/pages"}],"about":[{"href":"https:\/\/terix.com\/fr\/wp-json\/wp\/v2\/types\/page"}],"author":[{"embeddable":true,"href":"https:\/\/terix.com\/fr\/wp-json\/wp\/v2\/users\/1"}],"replies":[{"embeddable":true,"href":"https:\/\/terix.com\/fr\/wp-json\/wp\/v2\/comments?post=985"}],"version-history":[{"count":1,"href":"https:\/\/terix.com\/fr\/wp-json\/wp\/v2\/pages\/985\/revisions"}],"predecessor-version":[{"id":988,"href":"https:\/\/terix.com\/fr\/wp-json\/wp\/v2\/pages\/985\/revisions\/988"}],"wp:attachment":[{"href":"https:\/\/terix.com\/fr\/wp-json\/wp\/v2\/media?parent=985"}],"curies":[{"name":"wp","href":"https:\/\/api.w.org\/{rel}","templated":true}]}}