{"id":673,"date":"2021-12-13T14:40:48","date_gmt":"2021-12-13T14:40:48","guid":{"rendered":"http:\/\/demo.terix.com\/?page_id=673"},"modified":"2022-01-13T13:16:18","modified_gmt":"2022-01-13T13:16:18","slug":"contact","status":"publish","type":"page","link":"https:\/\/terix.com\/fr\/contact\/","title":{"rendered":"Nous joindre"},"content":{"rendered":"<p><\/p>\n<header class=\"entry-header\">\n<div class=\"clearfix\">\n<h3><strong>NOUS JOINDRE<\/strong><\/h3>\n<h3>Liste des bureaux de TERiX International<\/h3>\n<div class=\"row\">\n<div class=\"col-md-6\">\n<h4>TERiX Inde<\/h4>\n<p>TERiX Computer Service India Pvt. Ltd.<br \/>\nA-22, Block A<br \/>\nSector 3, Noida \u2013 201301<br \/>\nUttar Pradesh<br \/>\nSans frais: 000-800-100-7020<\/p>\n<\/div>\n<div class=\"col-md-6\">\n<h4>TERiX Am\u00e9rique du Nord<\/h4>\n<p>6600 Trans-Canada Highway<br \/>\nSuite 750<br \/>\nPointe-Claire, QC \u00a0H9R 4S2<br \/>\nTel: +1 (514) 940-7777<br \/>\nSans frais: 877-837-4999<\/p>\n<\/div>\n<\/div>\n<div class=\"row\">\n<div class=\"col-md-6\">\n<h4>TERiX Singapour<\/h4>\n<p>TERiX International PTE Ltd.<br \/>\n24 Raffles Place<br \/>\n#19-05 Clifford Centre<br \/>\nSingapour 048621<br \/>\nSans frais: 800-852-3978<\/p>\n<\/div>\n<div class=\"col-md-6\">\n<h4>TERiX Japon<\/h4>\n<p>View Stage Suzuki 3F<br \/>\n3-19-13 Higashi-Nakano, Nakano-ku<br \/>\nTokyo 164-0003<br \/>\nSans frais: 0800-222-0539<\/p>\n<\/div>\n<\/div>\n<h3>ACC\u00c9DER AU SUPPORT DE TERiX<\/h3>\n<div class=\"contact\">\n<p>Le syst\u00e8me de billetterie en ligne de TERiX permet une interaction en temps r\u00e9el avec votre demande d\u2019assistance et est le m\u00eame outil que nos ing\u00e9nieurs utilisent pour g\u00e9rer vos incidents. Vous pouvez l\u2019utiliser pour cr\u00e9er vos billets de service, suivre vos demandes d\u2019assistance ouvertes et r\u00e9solues, afficher l\u2019historique de votre compte, faire une demande d\u2019escalade ou fermer un billet de service<\/p>\n<h4><a href=\"https:\/\/ticketmaster.terix.com\/index.phtml\" target=\"_blank\" rel=\"noopener\">Syst\u00e8me de billetterie de TERiX<\/a><\/h4>\n<h3>Num\u00e9ros de t\u00e9l\u00e9phone du service d\u2019assistance de TERiX par r\u00e9gion<\/h3>\n<div class=\"row\">\n<div class=\"col\"><strong>Inde<\/strong><br \/>\n000-800-100-7020<\/div>\n<div class=\"col\"><strong>Am\u00e9rique du Nord<\/strong><br \/>\n877-837-4999<\/div>\n<div class=\"col\"><strong>Singapour<\/strong><br \/>\n800-852-3978<\/div>\n<\/div>\n<div class=\"row\">\n<div class=\"col\"><strong>Japon<\/strong><br \/>\n0800-222-0539<\/div>\n<div class=\"col\"><strong>Hong Kong\u00a0<\/strong><br \/>\n800-933-166<\/div>\n<div class=\"col\"><strong>Australie<\/strong><br \/>\n1-800-774-629<\/div>\n<\/div>\n<\/div>\n<\/div>\n<\/header>\n<p><\/p>","protected":false},"excerpt":{"rendered":"<p>NOUS JOINDRE Liste des bureaux de TERiX International TERiX Inde&hellip;<a href=\"https:\/\/terix.com\/fr\/contact\/\" class=\"more-link\"><span class=\"more-button\">Continue reading<span class=\"screen-reader-text\">Nous joindre<\/span><\/span><\/a><\/p>\n","protected":false},"author":1,"featured_media":0,"parent":0,"menu_order":0,"comment_status":"closed","ping_status":"closed","template":"","meta":{"footnotes":""},"class_list":["post-673","page","type-page","status-publish","hentry"],"yoast_head":"<!-- This site is optimized with the Yoast SEO plugin v27.3 - https:\/\/yoast.com\/product\/yoast-seo-wordpress\/ -->\n<title>Nous joindre &#8211; TERiX<\/title>\n<meta name=\"robots\" content=\"index, follow, max-snippet:-1, max-image-preview:large, max-video-preview:-1\" \/>\n<link rel=\"canonical\" href=\"https:\/\/terix.com\/contact\/\" \/>\n<meta property=\"og:locale\" content=\"fr_FR\" \/>\n<meta property=\"og:type\" content=\"article\" \/>\n<meta property=\"og:title\" content=\"[:en]Contact[:fr]Nous joindre[:] &#8211; TERiX\" \/>\n<meta property=\"og:description\" content=\"NOUS JOINDRE Liste des bureaux de TERiX International TERiX Inde&hellip;Continue readingNous joindre\" \/>\n<meta property=\"og:url\" content=\"https:\/\/terix.com\/contact\/\" \/>\n<meta property=\"og:site_name\" content=\"TERiX\" \/>\n<meta property=\"article:publisher\" content=\"https:\/\/www.facebook.com\/terixcompservice\/\" \/>\n<meta property=\"article:modified_time\" content=\"2022-01-13T13:16:18+00:00\" \/>\n<meta property=\"og:image\" content=\"https:\/\/terix.com\/wp-content\/uploads\/2022\/04\/terix_logo.png\" \/>\n\t<meta property=\"og:image:width\" content=\"572\" \/>\n\t<meta property=\"og:image:height\" content=\"278\" \/>\n\t<meta property=\"og:image:type\" content=\"image\/png\" \/>\n<meta name=\"twitter:card\" content=\"summary_large_image\" \/>\n<meta name=\"twitter:site\" content=\"@TellTERix\" \/>\n<meta name=\"twitter:label1\" content=\"Dur\u00e9e de lecture estim\u00e9e\" \/>\n\t<meta name=\"twitter:data1\" content=\"2 minutes\" \/>\n<script type=\"application\/ld+json\" class=\"yoast-schema-graph\">{\"@context\":\"https:\\\/\\\/schema.org\",\"@graph\":[{\"@type\":\"WebPage\",\"@id\":\"https:\\\/\\\/terix.com\\\/contact\\\/\",\"url\":\"https:\\\/\\\/terix.com\\\/contact\\\/\",\"name\":\"[:en]Contact[:fr]Nous joindre[:] &#8211; TERiX\",\"isPartOf\":{\"@id\":\"https:\\\/\\\/terix.com\\\/#website\"},\"datePublished\":\"2021-12-13T14:40:48+00:00\",\"dateModified\":\"2022-01-13T13:16:18+00:00\",\"breadcrumb\":{\"@id\":\"https:\\\/\\\/terix.com\\\/contact\\\/#breadcrumb\"},\"inLanguage\":\"fr-FR\",\"potentialAction\":[{\"@type\":\"ReadAction\",\"target\":[\"https:\\\/\\\/terix.com\\\/contact\\\/\"]}]},{\"@type\":\"BreadcrumbList\",\"@id\":\"https:\\\/\\\/terix.com\\\/contact\\\/#breadcrumb\",\"itemListElement\":[{\"@type\":\"ListItem\",\"position\":1,\"name\":\"Home\",\"item\":\"https:\\\/\\\/terix.com\\\/\"},{\"@type\":\"ListItem\",\"position\":2,\"name\":\"Contact\"}]},{\"@type\":\"WebSite\",\"@id\":\"https:\\\/\\\/terix.com\\\/#website\",\"url\":\"https:\\\/\\\/terix.com\\\/\",\"name\":\"TERiX\",\"description\":\"Third Party Maintenance\",\"publisher\":{\"@id\":\"https:\\\/\\\/terix.com\\\/#organization\"},\"potentialAction\":[{\"@type\":\"SearchAction\",\"target\":{\"@type\":\"EntryPoint\",\"urlTemplate\":\"https:\\\/\\\/terix.com\\\/?s={search_term_string}\"},\"query-input\":{\"@type\":\"PropertyValueSpecification\",\"valueRequired\":true,\"valueName\":\"search_term_string\"}}],\"inLanguage\":\"fr-FR\"},{\"@type\":\"Organization\",\"@id\":\"https:\\\/\\\/terix.com\\\/#organization\",\"name\":\"TERiX International\",\"url\":\"https:\\\/\\\/terix.com\\\/\",\"logo\":{\"@type\":\"ImageObject\",\"inLanguage\":\"fr-FR\",\"@id\":\"https:\\\/\\\/terix.com\\\/#\\\/schema\\\/logo\\\/image\\\/\",\"url\":\"https:\\\/\\\/terix.com\\\/wp-content\\\/uploads\\\/2021\\\/09\\\/terix-logo.png\",\"contentUrl\":\"https:\\\/\\\/terix.com\\\/wp-content\\\/uploads\\\/2021\\\/09\\\/terix-logo.png\",\"width\":147,\"height\":56,\"caption\":\"TERiX International\"},\"image\":{\"@id\":\"https:\\\/\\\/terix.com\\\/#\\\/schema\\\/logo\\\/image\\\/\"},\"sameAs\":[\"https:\\\/\\\/www.facebook.com\\\/terixcompservice\\\/\",\"https:\\\/\\\/x.com\\\/TellTERix\",\"https:\\\/\\\/www.linkedin.com\\\/company\\\/terix-computer-service\"]}]}<\/script>\n<!-- \/ Yoast SEO plugin. -->","yoast_head_json":{"title":"[:en]Contact[:fr]Nous joindre[:] &#8211; TERiX","robots":{"index":"index","follow":"follow","max-snippet":"max-snippet:-1","max-image-preview":"max-image-preview:large","max-video-preview":"max-video-preview:-1"},"canonical":"https:\/\/terix.com\/contact\/","og_locale":"fr_FR","og_type":"article","og_title":"[:en]Contact[:fr]Nous joindre[:] &#8211; TERiX","og_description":"NOUS JOINDRE Liste des bureaux de TERiX International TERiX Inde&hellip;Continue readingNous joindre","og_url":"https:\/\/terix.com\/contact\/","og_site_name":"TERiX","article_publisher":"https:\/\/www.facebook.com\/terixcompservice\/","article_modified_time":"2022-01-13T13:16:18+00:00","og_image":[{"width":572,"height":278,"url":"https:\/\/terix.com\/wp-content\/uploads\/2022\/04\/terix_logo.png","type":"image\/png"}],"twitter_card":"summary_large_image","twitter_site":"@TellTERix","twitter_misc":{"Dur\u00e9e de lecture estim\u00e9e":"2 minutes"},"schema":{"@context":"https:\/\/schema.org","@graph":[{"@type":"WebPage","@id":"https:\/\/terix.com\/contact\/","url":"https:\/\/terix.com\/contact\/","name":"[:en]Contact[:fr]Nous joindre[:] &#8211; TERiX","isPartOf":{"@id":"https:\/\/terix.com\/#website"},"datePublished":"2021-12-13T14:40:48+00:00","dateModified":"2022-01-13T13:16:18+00:00","breadcrumb":{"@id":"https:\/\/terix.com\/contact\/#breadcrumb"},"inLanguage":"fr-FR","potentialAction":[{"@type":"ReadAction","target":["https:\/\/terix.com\/contact\/"]}]},{"@type":"BreadcrumbList","@id":"https:\/\/terix.com\/contact\/#breadcrumb","itemListElement":[{"@type":"ListItem","position":1,"name":"Home","item":"https:\/\/terix.com\/"},{"@type":"ListItem","position":2,"name":"Contact"}]},{"@type":"WebSite","@id":"https:\/\/terix.com\/#website","url":"https:\/\/terix.com\/","name":"TERiX","description":"Third Party Maintenance","publisher":{"@id":"https:\/\/terix.com\/#organization"},"potentialAction":[{"@type":"SearchAction","target":{"@type":"EntryPoint","urlTemplate":"https:\/\/terix.com\/?s={search_term_string}"},"query-input":{"@type":"PropertyValueSpecification","valueRequired":true,"valueName":"search_term_string"}}],"inLanguage":"fr-FR"},{"@type":"Organization","@id":"https:\/\/terix.com\/#organization","name":"TERiX International","url":"https:\/\/terix.com\/","logo":{"@type":"ImageObject","inLanguage":"fr-FR","@id":"https:\/\/terix.com\/#\/schema\/logo\/image\/","url":"https:\/\/terix.com\/wp-content\/uploads\/2021\/09\/terix-logo.png","contentUrl":"https:\/\/terix.com\/wp-content\/uploads\/2021\/09\/terix-logo.png","width":147,"height":56,"caption":"TERiX International"},"image":{"@id":"https:\/\/terix.com\/#\/schema\/logo\/image\/"},"sameAs":["https:\/\/www.facebook.com\/terixcompservice\/","https:\/\/x.com\/TellTERix","https:\/\/www.linkedin.com\/company\/terix-computer-service"]}]}},"_links":{"self":[{"href":"https:\/\/terix.com\/fr\/wp-json\/wp\/v2\/pages\/673","targetHints":{"allow":["GET"]}}],"collection":[{"href":"https:\/\/terix.com\/fr\/wp-json\/wp\/v2\/pages"}],"about":[{"href":"https:\/\/terix.com\/fr\/wp-json\/wp\/v2\/types\/page"}],"author":[{"embeddable":true,"href":"https:\/\/terix.com\/fr\/wp-json\/wp\/v2\/users\/1"}],"replies":[{"embeddable":true,"href":"https:\/\/terix.com\/fr\/wp-json\/wp\/v2\/comments?post=673"}],"version-history":[{"count":5,"href":"https:\/\/terix.com\/fr\/wp-json\/wp\/v2\/pages\/673\/revisions"}],"predecessor-version":[{"id":1173,"href":"https:\/\/terix.com\/fr\/wp-json\/wp\/v2\/pages\/673\/revisions\/1173"}],"wp:attachment":[{"href":"https:\/\/terix.com\/fr\/wp-json\/wp\/v2\/media?parent=673"}],"curies":[{"name":"wp","href":"https:\/\/api.w.org\/{rel}","templated":true}]}}