{"id":666,"date":"2021-12-13T14:33:54","date_gmt":"2021-12-13T14:33:54","guid":{"rendered":"http:\/\/demo.terix.com\/?page_id=666"},"modified":"2021-12-16T09:51:56","modified_gmt":"2021-12-16T09:51:56","slug":"corporate-overview","status":"publish","type":"page","link":"https:\/\/terix.com\/fr\/about\/corporate-overview\/","title":{"rendered":"Une Vue D\u2019ensemble Sur L\u2019entreprise"},"content":{"rendered":"<p><\/p>\n<h3><strong>Une Vue D\u2019ensemble Sur L\u2019entreprise<\/strong><\/h3>\n<h3>TERiX \u2013 une vue d\u2019ensemble sur l\u2019entreprise<\/h3>\n<p>TERiX est le principal fournisseur ind\u00e9pendant de service d\u2019entretien mat\u00e9riel et support logiciel flexible et innovateur \u00e0 plus de 1,000 clients dans le monde entier, en incluant beaucoup de compagnies Fortune 500. Le focus de TERiX est sur le client de centre de donn\u00e9es avec les solutions compl\u00e8tes pour les manufacturiers de grandes marques. TERiX livre des services personnalis\u00e9s et flexibles au secteur public, au secteur manufacturier, de la haute technologie, de l\u2019a\u00e9rospatiale, des t\u00e9l\u00e9communications, du secteur bancaire et financier et des secteurs chimiques et pharmaceutiques, avec beaucoup de grandes marques, les plus respect\u00e9es de l\u2019industrie.<\/p>\n<h3>Service sans pareil<\/h3>\n<p>En un mot : D\u00e9di\u00e9. TERiX est une compagnie qui comprend des ing\u00e9nieurs et du personnel de soutien avec une passion pour le mat\u00e9riel informatique, appliqu\u00e9s \u00e0 fournir \u00e0 votre organisation les meilleures options de service disponibles \u00e0 l\u2019heure actuelle. Notre personnel est consacr\u00e9 \u00e0 la livraison des solutions de service innovatrices et cr\u00e9atrices avec un engagement au service \u00e0 la client\u00e8le sans pareil. Notre but sans contraintes est d\u2019exc\u00e9der les habilit\u00e9s des Manufacturiers et d\u2019autres Tierce-Parties \u00e0 fournir une large gamme de services \u00e0 chaque engagement avec un Client.<\/p>\n<p>TERiX est un chef d\u2019industrie pour les services de maintenance mat\u00e9riel et syst\u00e8me d\u2019exploitation pour le march\u00e9 des Centre de donn\u00e9es globaux, en termes du point de vue, de notre port\u00e9e, de la part de march\u00e9, du taux de croissance et de la grandeur de compagnie. Nous supportons plus de mille Centre de donn\u00e9es importants aux \u00c9tats-Unis et dans 48 pays, incluant une douzaine d\u2019agences gouvernementales am\u00e9ricaines.<\/p>\n<p>TERiX a fait des investissements dans le personnel et l\u2019infrastructure pour soutenir une base de client massive comme si chacun \u00e9tait notre seul client. Nous sommes une extension naturelle des services externalis\u00e9s pour les environnements de haute intensit\u00e9, de disponibilit\u00e9 critique, en fournissant une foule de services sp\u00e9cialis\u00e9s sur place, en plus de fournir des pi\u00e8ces OEM (Original du Manufacturier) compl\u00e8tement certifi\u00e9es et install\u00e9es par les techniciens certifi\u00e9s. Si le besoin pour le soutien du mat\u00e9riel est partiel ou entier, pour un seul Centre de donn\u00e9es ou plusieurs endroits, TERiX met le focus enti\u00e8rement sur le soutien du mat\u00e9riel et les services consultatifs associ\u00e9s. Nous sommes engag\u00e9s au maintien de votre succ\u00e8s comme moyen d\u2019accomplir notre propre succ\u00e8s et n\u2019accepterons aucun substitut \u00e0 une exp\u00e9rience de qualit\u00e9 pour nos clients.<\/p>\n<p>TERiX supporte les serveurs, les appareils de stockage et le mat\u00e9riel de r\u00e9seautique de plus de 30 Manufacturiers d\u2019\u00c9quipement d\u2019Origine (OEMs) de grande marque, en plus des technologies Wintel\/Blade, de Serveurs Standards d\u2019Industrie (ISS), des syst\u00e8mes d\u2019exploitation UNIX en incluant Sun, HP, IBM et autres. La combinaison parfaite pour les centres de donn\u00e9es hybrides, les entreprises d\u00e9sirant maintenir n\u2019importe quel mat\u00e9riel mature, les centres de donn\u00e9es avec marques multiples, ou les entreprises esp\u00e9rant simplement sauver une moyenne de 60 % des frais d\u2019entretien compar\u00e9e aux OEMs pour un Niveau de Couverture (SLA) \u00e9quivalent.<\/p>\n<h3>Offres de Base<\/h3>\n<p>Les comp\u00e9tences de base de TERiX sont seulement un d\u00e9but. Nous prenons la flexibilit\u00e9 tr\u00e8s au s\u00e9rieux et adaptons nos programmes pour rencontrer vos besoins, soit un service 7x24x365, un centre de r\u00e9ponse, un r\u00e9seau actif de surveillance, des diagnostics automatis\u00e9s et l\u2019ouverture de Billet de Service, ou un syst\u00e8me compl\u00e8tement r\u00e9actif; ou autres. Vous choisissez le SLA que vous avez besoin et nous vous pr\u00e9senterons un certain nombre d\u2019options pour atteindre vos objectifs et rencontrer les contraintes de votre budget. En premier lieu, nous d\u00e9veloppons un plan de transition clair \u00e0 partir du d\u00e9but pour assurer un changement en douceur des fournisseurs de services de soutien, pour minimiser tout impact possible sur vos op\u00e9rations quotidiennes, la disponibilit\u00e9 des syst\u00e8mes ou la productivit\u00e9 de vos \u00e9quipes.<\/p>\n<h3>TERiX Livre<\/h3>\n<ul type=\"disc\">\n<li>Le soutien du Centre de R\u00e9ponse soutenu 7x24x365 par un Niveau 3, c\u2019est-\u00e0-dire des ing\u00e9nieurs form\u00e9s par le Manufacturier.<\/li>\n<li>Les techniciens compl\u00e8tement certifi\u00e9s avec pi\u00e8ces de rechange certifi\u00e9es OEM: Nos membres de l\u2019\u00e9quipe de service poss\u00e9dent une moyenne de 10 ans d\u2019exp\u00e9rience sur Solaris, IBM AIX, HP-UX, Tru64, OpenVMS et exp\u00e9rience de mat\u00e9riel multivendeur<\/li>\n<li>Le Syst\u00e8me de Billetterie TERiX: Un acc\u00e8s n\u2019importe o\u00f9, sur nuage, une base de donn\u00e9es prot\u00e9g\u00e9e avec mot de passe pour ouvrir un appel de service, surveiller un Billet, porter commentaires sur l\u2019appel et obtenir des rapports sur les \u00e9v\u00e9nements de service.<\/li>\n<li>Un syst\u00e8me d\u2019inspection de la qualit\u00e9 totale rattach\u00e9 \u00e0 la m\u00e9thodologie de livraison de service, incluant un syst\u00e8me d\u2019escalade m\u00e9thodique et une sollicitation active de r\u00e9action des utilisateurs.<\/li>\n<\/ul>\n<p><\/p>","protected":false},"excerpt":{"rendered":"<p>Une Vue D\u2019ensemble Sur L\u2019entreprise TERiX \u2013 une vue d\u2019ensemble&hellip;<a href=\"https:\/\/terix.com\/fr\/about\/corporate-overview\/\" class=\"more-link\"><span class=\"more-button\">Continue reading<span class=\"screen-reader-text\">Une Vue D\u2019ensemble Sur L\u2019entreprise<\/span><\/span><\/a><\/p>\n","protected":false},"author":1,"featured_media":0,"parent":663,"menu_order":0,"comment_status":"closed","ping_status":"closed","template":"elementor_header_footer","meta":{"footnotes":""},"class_list":["post-666","page","type-page","status-publish","hentry"],"yoast_head":"<!-- This site is optimized with the Yoast SEO plugin v27.3 - https:\/\/yoast.com\/product\/yoast-seo-wordpress\/ -->\n<title>Une Vue D\u2019ensemble Sur L\u2019entreprise &#8211; TERiX<\/title>\n<meta name=\"robots\" content=\"index, follow, max-snippet:-1, max-image-preview:large, max-video-preview:-1\" \/>\n<link rel=\"canonical\" href=\"https:\/\/terix.com\/about\/corporate-overview\/\" \/>\n<meta property=\"og:locale\" content=\"fr_FR\" \/>\n<meta property=\"og:type\" content=\"article\" \/>\n<meta property=\"og:title\" content=\"[:en]Corporate Overview[:fr]Une Vue D\u2019ensemble Sur L\u2019entreprise[:] &#8211; TERiX\" \/>\n<meta property=\"og:description\" content=\"Une Vue D\u2019ensemble Sur L\u2019entreprise TERiX \u2013 une vue d\u2019ensemble&hellip;Continue readingUne Vue D\u2019ensemble Sur L\u2019entreprise\" \/>\n<meta property=\"og:url\" content=\"https:\/\/terix.com\/about\/corporate-overview\/\" \/>\n<meta property=\"og:site_name\" content=\"TERiX\" \/>\n<meta property=\"article:publisher\" content=\"https:\/\/www.facebook.com\/terixcompservice\/\" \/>\n<meta property=\"article:modified_time\" content=\"2021-12-16T09:51:56+00:00\" \/>\n<meta property=\"og:image\" content=\"https:\/\/terix.com\/wp-content\/uploads\/2022\/04\/terix_logo.png\" \/>\n\t<meta property=\"og:image:width\" content=\"572\" \/>\n\t<meta property=\"og:image:height\" content=\"278\" \/>\n\t<meta property=\"og:image:type\" content=\"image\/png\" \/>\n<meta name=\"twitter:card\" content=\"summary_large_image\" \/>\n<meta name=\"twitter:site\" content=\"@TellTERix\" \/>\n<meta name=\"twitter:label1\" content=\"Dur\u00e9e de lecture estim\u00e9e\" \/>\n\t<meta name=\"twitter:data1\" content=\"7 minutes\" \/>\n<script type=\"application\/ld+json\" class=\"yoast-schema-graph\">{\"@context\":\"https:\\\/\\\/schema.org\",\"@graph\":[{\"@type\":\"WebPage\",\"@id\":\"https:\\\/\\\/terix.com\\\/about\\\/corporate-overview\\\/\",\"url\":\"https:\\\/\\\/terix.com\\\/about\\\/corporate-overview\\\/\",\"name\":\"[:en]Corporate Overview[:fr]Une Vue D\u2019ensemble Sur L\u2019entreprise[:] &#8211; TERiX\",\"isPartOf\":{\"@id\":\"https:\\\/\\\/terix.com\\\/#website\"},\"datePublished\":\"2021-12-13T14:33:54+00:00\",\"dateModified\":\"2021-12-16T09:51:56+00:00\",\"breadcrumb\":{\"@id\":\"https:\\\/\\\/terix.com\\\/about\\\/corporate-overview\\\/#breadcrumb\"},\"inLanguage\":\"fr-FR\",\"potentialAction\":[{\"@type\":\"ReadAction\",\"target\":[\"https:\\\/\\\/terix.com\\\/about\\\/corporate-overview\\\/\"]}]},{\"@type\":\"BreadcrumbList\",\"@id\":\"https:\\\/\\\/terix.com\\\/about\\\/corporate-overview\\\/#breadcrumb\",\"itemListElement\":[{\"@type\":\"ListItem\",\"position\":1,\"name\":\"Home\",\"item\":\"https:\\\/\\\/terix.com\\\/\"},{\"@type\":\"ListItem\",\"position\":2,\"name\":\"About\",\"item\":\"https:\\\/\\\/terix.com\\\/about\\\/\"},{\"@type\":\"ListItem\",\"position\":3,\"name\":\"Corporate Overview\"}]},{\"@type\":\"WebSite\",\"@id\":\"https:\\\/\\\/terix.com\\\/#website\",\"url\":\"https:\\\/\\\/terix.com\\\/\",\"name\":\"TERiX\",\"description\":\"Third Party Maintenance\",\"publisher\":{\"@id\":\"https:\\\/\\\/terix.com\\\/#organization\"},\"potentialAction\":[{\"@type\":\"SearchAction\",\"target\":{\"@type\":\"EntryPoint\",\"urlTemplate\":\"https:\\\/\\\/terix.com\\\/?s={search_term_string}\"},\"query-input\":{\"@type\":\"PropertyValueSpecification\",\"valueRequired\":true,\"valueName\":\"search_term_string\"}}],\"inLanguage\":\"fr-FR\"},{\"@type\":\"Organization\",\"@id\":\"https:\\\/\\\/terix.com\\\/#organization\",\"name\":\"TERiX International\",\"url\":\"https:\\\/\\\/terix.com\\\/\",\"logo\":{\"@type\":\"ImageObject\",\"inLanguage\":\"fr-FR\",\"@id\":\"https:\\\/\\\/terix.com\\\/#\\\/schema\\\/logo\\\/image\\\/\",\"url\":\"https:\\\/\\\/terix.com\\\/wp-content\\\/uploads\\\/2021\\\/09\\\/terix-logo.png\",\"contentUrl\":\"https:\\\/\\\/terix.com\\\/wp-content\\\/uploads\\\/2021\\\/09\\\/terix-logo.png\",\"width\":147,\"height\":56,\"caption\":\"TERiX International\"},\"image\":{\"@id\":\"https:\\\/\\\/terix.com\\\/#\\\/schema\\\/logo\\\/image\\\/\"},\"sameAs\":[\"https:\\\/\\\/www.facebook.com\\\/terixcompservice\\\/\",\"https:\\\/\\\/x.com\\\/TellTERix\",\"https:\\\/\\\/www.linkedin.com\\\/company\\\/terix-computer-service\"]}]}<\/script>\n<!-- \/ Yoast SEO plugin. -->","yoast_head_json":{"title":"[:en]Corporate Overview[:fr]Une Vue D\u2019ensemble Sur L\u2019entreprise[:] &#8211; TERiX","robots":{"index":"index","follow":"follow","max-snippet":"max-snippet:-1","max-image-preview":"max-image-preview:large","max-video-preview":"max-video-preview:-1"},"canonical":"https:\/\/terix.com\/about\/corporate-overview\/","og_locale":"fr_FR","og_type":"article","og_title":"[:en]Corporate Overview[:fr]Une Vue D\u2019ensemble Sur L\u2019entreprise[:] &#8211; TERiX","og_description":"Une Vue D\u2019ensemble Sur L\u2019entreprise TERiX \u2013 une vue d\u2019ensemble&hellip;Continue readingUne Vue D\u2019ensemble Sur L\u2019entreprise","og_url":"https:\/\/terix.com\/about\/corporate-overview\/","og_site_name":"TERiX","article_publisher":"https:\/\/www.facebook.com\/terixcompservice\/","article_modified_time":"2021-12-16T09:51:56+00:00","og_image":[{"width":572,"height":278,"url":"https:\/\/terix.com\/wp-content\/uploads\/2022\/04\/terix_logo.png","type":"image\/png"}],"twitter_card":"summary_large_image","twitter_site":"@TellTERix","twitter_misc":{"Dur\u00e9e de lecture estim\u00e9e":"7 minutes"},"schema":{"@context":"https:\/\/schema.org","@graph":[{"@type":"WebPage","@id":"https:\/\/terix.com\/about\/corporate-overview\/","url":"https:\/\/terix.com\/about\/corporate-overview\/","name":"[:en]Corporate Overview[:fr]Une Vue D\u2019ensemble Sur L\u2019entreprise[:] &#8211; TERiX","isPartOf":{"@id":"https:\/\/terix.com\/#website"},"datePublished":"2021-12-13T14:33:54+00:00","dateModified":"2021-12-16T09:51:56+00:00","breadcrumb":{"@id":"https:\/\/terix.com\/about\/corporate-overview\/#breadcrumb"},"inLanguage":"fr-FR","potentialAction":[{"@type":"ReadAction","target":["https:\/\/terix.com\/about\/corporate-overview\/"]}]},{"@type":"BreadcrumbList","@id":"https:\/\/terix.com\/about\/corporate-overview\/#breadcrumb","itemListElement":[{"@type":"ListItem","position":1,"name":"Home","item":"https:\/\/terix.com\/"},{"@type":"ListItem","position":2,"name":"About","item":"https:\/\/terix.com\/about\/"},{"@type":"ListItem","position":3,"name":"Corporate Overview"}]},{"@type":"WebSite","@id":"https:\/\/terix.com\/#website","url":"https:\/\/terix.com\/","name":"TERiX","description":"Third Party Maintenance","publisher":{"@id":"https:\/\/terix.com\/#organization"},"potentialAction":[{"@type":"SearchAction","target":{"@type":"EntryPoint","urlTemplate":"https:\/\/terix.com\/?s={search_term_string}"},"query-input":{"@type":"PropertyValueSpecification","valueRequired":true,"valueName":"search_term_string"}}],"inLanguage":"fr-FR"},{"@type":"Organization","@id":"https:\/\/terix.com\/#organization","name":"TERiX International","url":"https:\/\/terix.com\/","logo":{"@type":"ImageObject","inLanguage":"fr-FR","@id":"https:\/\/terix.com\/#\/schema\/logo\/image\/","url":"https:\/\/terix.com\/wp-content\/uploads\/2021\/09\/terix-logo.png","contentUrl":"https:\/\/terix.com\/wp-content\/uploads\/2021\/09\/terix-logo.png","width":147,"height":56,"caption":"TERiX International"},"image":{"@id":"https:\/\/terix.com\/#\/schema\/logo\/image\/"},"sameAs":["https:\/\/www.facebook.com\/terixcompservice\/","https:\/\/x.com\/TellTERix","https:\/\/www.linkedin.com\/company\/terix-computer-service"]}]}},"_links":{"self":[{"href":"https:\/\/terix.com\/fr\/wp-json\/wp\/v2\/pages\/666","targetHints":{"allow":["GET"]}}],"collection":[{"href":"https:\/\/terix.com\/fr\/wp-json\/wp\/v2\/pages"}],"about":[{"href":"https:\/\/terix.com\/fr\/wp-json\/wp\/v2\/types\/page"}],"author":[{"embeddable":true,"href":"https:\/\/terix.com\/fr\/wp-json\/wp\/v2\/users\/1"}],"replies":[{"embeddable":true,"href":"https:\/\/terix.com\/fr\/wp-json\/wp\/v2\/comments?post=666"}],"version-history":[{"count":8,"href":"https:\/\/terix.com\/fr\/wp-json\/wp\/v2\/pages\/666\/revisions"}],"predecessor-version":[{"id":978,"href":"https:\/\/terix.com\/fr\/wp-json\/wp\/v2\/pages\/666\/revisions\/978"}],"up":[{"embeddable":true,"href":"https:\/\/terix.com\/fr\/wp-json\/wp\/v2\/pages\/663"}],"wp:attachment":[{"href":"https:\/\/terix.com\/fr\/wp-json\/wp\/v2\/media?parent=666"}],"curies":[{"name":"wp","href":"https:\/\/api.w.org\/{rel}","templated":true}]}}