{"id":661,"date":"2021-12-13T14:29:10","date_gmt":"2021-12-13T14:29:10","guid":{"rendered":"http:\/\/demo.terix.com\/?page_id=661"},"modified":"2022-09-17T08:35:35","modified_gmt":"2022-09-17T08:35:35","slug":"research-brief","status":"publish","type":"page","link":"https:\/\/terix.com\/fr\/resources\/research-brief\/","title":{"rendered":"Les M\u00e9moires De Recherche"},"content":{"rendered":"<p><\/p>\n<h3 class=\"entry-header\"><strong>LES M\u00c9MOIRES DE RECHERCHE<\/strong><\/h3>\n<h3 class=\"entry-title single-title\"><span style=\"font-size: 21px;\">Les m\u00e9moires de recherche de TERiX (Research Briefs) disponibles en anglais<\/span><\/h3>\n<div class=\"entry-content content-page \">\n<p>Cliquez sur un lien ci-dessous pour afficher le m\u00e9moire de recherche de votre choix.<\/p>\n<ul>\n<li><a href=\"\/wp-content\/uploads\/2021\/12\/1.pdf\" target=\"_blank\" rel=\"noopener\">Est-ce qu\u2019une simple r\u00e9paration suffit?<\/a><\/li>\n<li><a href=\"\/wp-content\/uploads\/2021\/12\/2.pdf\" target=\"_blank\" rel=\"noopener\">L\u2019entretien \u00abJudo Chop\u00bb<\/a><\/li>\n<li><a href=\"\/wp-content\/uploads\/2021\/12\/3.pdf\" target=\"_blank\" rel=\"noopener\">Pourquoi je ne peux pas obtenir la pi\u00e8ce que je veux?<\/a><\/li>\n<li><a href=\"\/wp-content\/uploads\/2021\/12\/4.pdf\" target=\"_blank\" rel=\"noopener\">L\u2019\u00e9t\u00e9 est-il une excuse acceptable?<\/a><\/li>\n<li><a href=\"\/wp-content\/uploads\/2021\/12\/5.pdf\" target=\"_blank\" rel=\"noopener\">L\u2019\u00e9pave du Itanic.<\/a><\/li>\n<li><a href=\"\/wp-content\/uploads\/2021\/12\/6.pdf\" target=\"_blank\" rel=\"noopener\">Centres de donn\u00e9es communautaires: Un nouveau mod\u00e8le de nuage?<\/a><\/li>\n<li><a href=\"\/wp-content\/uploads\/2021\/12\/7.pdf\" target=\"_blank\" rel=\"noopener\">Marque Loyaut\u00e9 (ou autre)?<\/a><\/li>\n<li><a href=\"\/wp-content\/uploads\/2021\/12\/8.pdf\" target=\"_blank\" rel=\"noopener\">Revenez sur le Fairway.<\/a><\/li>\n<li><a href=\"\/wp-content\/uploads\/2021\/12\/9.pdf\" target=\"_blank\" rel=\"noopener\">Hitachi Thunder 9570V<\/a><\/li>\n<li><a href=\"\/wp-content\/uploads\/2021\/12\/10.pdf\" target=\"_blank\" rel=\"noopener\">Les Timberwolves en danger dans le centre de donn\u00e9es.<\/a><\/li>\n<li><a href=\"\/wp-content\/uploads\/2021\/12\/11.pdf\" target=\"_blank\" rel=\"noopener\">La PUE moyenne est de 1,8 ou 2,5.<\/a><\/li>\n<li><a href=\"\/wp-content\/uploads\/2021\/12\/12.pdf\" target=\"_blank\" rel=\"noopener\">Lorsque la solution ERP est le probl\u00e8me.<\/a><\/li>\n<li><a href=\"\/wp-content\/uploads\/2021\/12\/13.pdf\" target=\"_blank\" rel=\"noopener\">Arr\u00eatez de gaspiller du Talent TI.<\/a><\/li>\n<li><a href=\"\/wp-content\/uploads\/2021\/12\/14.pdf\" target=\"_blank\" rel=\"noopener\">R\u00e9duire, R\u00e9utiliser, Recycler \u2013 R\u00e9-examin\u00e9.<\/a><\/li>\n<li><a href=\"\/wp-content\/uploads\/2021\/12\/15.pdf\" target=\"_blank\" rel=\"noopener\">Trois phases d\u2019une enqu\u00eate sur les h\u00e9ritages.<\/a><\/li>\n<li><a href=\"\/wp-content\/uploads\/2021\/12\/16.pdf\" target=\"_blank\" rel=\"noopener\">Votre nuage est-il trop gonfl\u00e9?<\/a><\/li>\n<li><a href=\"\/wp-content\/uploads\/2021\/12\/17.pdf\" target=\"_blank\" rel=\"noopener\">Il est d\u00e9suet seulement quand vous dites qu\u2019il est d\u00e9suet.<\/a><\/li>\n<li><a href=\"\/wp-content\/uploads\/2021\/12\/18.pdf\" target=\"_blank\" rel=\"noopener\">Ce que la folie du mois de Mars dit au sujet de la serrure du vendeur.<\/a><\/li>\n<li><a href=\"\/wp-content\/uploads\/2021\/12\/19.pdf\" target=\"_blank\" rel=\"noopener\">Restauration des ruines.<\/a><\/li>\n<li><a href=\"\/wp-content\/uploads\/2021\/12\/20.pdf\" target=\"_blank\" rel=\"noopener\">Emplacement, emplacement, emplacement \u2026 et co\u00fbt.<\/a><\/li>\n<li><a href=\"\/wp-content\/uploads\/2021\/12\/21.pdf\" target=\"_blank\" rel=\"noopener\">Si vous pouvez le faire vous-m\u00eame, pourquoi pas vous?<\/a><\/li>\n<li><a href=\"\/wp-content\/uploads\/2021\/12\/22.pdf\" target=\"_blank\" rel=\"noopener\">Pouvez-vous vous permettre d\u2019y aller d\u2019ici?<\/a><\/li>\n<li><a href=\"\/wp-content\/uploads\/2021\/12\/23.pdf\" target=\"_blank\" rel=\"noopener\">Les \u00e9conomies qu\u2019on vous a promis?<\/a><\/li>\n<li><a href=\"\/wp-content\/uploads\/2021\/12\/24.pdf\" target=\"_blank\" rel=\"noopener\">Cinq conditions d\u2019entretien du stockage.<\/a><\/li>\n<li><a href=\"\/wp-content\/uploads\/2021\/12\/25.pdf\" target=\"_blank\" rel=\"noopener\">Les clients de mat\u00e9riel recherchent des solutions de rechange.<\/a><\/li>\n<li><a href=\"\/wp-content\/uploads\/2021\/12\/26.pdf\" target=\"_blank\" rel=\"noopener\">Le jeu de titre BCS et votre Centre de donn\u00e9es.<\/a><\/li>\n<li><a href=\"\/wp-content\/uploads\/2021\/12\/27.pdf\" target=\"_blank\" rel=\"noopener\">Couverture apr\u00e8s la garantie est plus souple et moins co\u00fbteuse avec tierce-partie.<\/a><\/li>\n<\/ul>\n<p>Si vous n\u2019\u00eates pas actuellement sur notre liste de diffusion et que vous souhaitez les recevoir dans votre bo\u00eete de r\u00e9ception avant de les afficher, veuillez vous inscrire ci-dessous.<\/p>\n<\/div>\n<p><\/p>","protected":false},"excerpt":{"rendered":"<p>LES M\u00c9MOIRES DE RECHERCHE Les m\u00e9moires de recherche de TERiX&hellip;<a href=\"https:\/\/terix.com\/fr\/resources\/research-brief\/\" class=\"more-link\"><span class=\"more-button\">Continue reading<span class=\"screen-reader-text\">Les M\u00e9moires De Recherche<\/span><\/span><\/a><\/p>\n","protected":false},"author":1,"featured_media":0,"parent":654,"menu_order":0,"comment_status":"closed","ping_status":"closed","template":"elementor_header_footer","meta":{"footnotes":""},"class_list":["post-661","page","type-page","status-publish","hentry"],"yoast_head":"<!-- This site is optimized with the Yoast SEO plugin v27.3 - https:\/\/yoast.com\/product\/yoast-seo-wordpress\/ -->\n<title>Les M\u00e9moires De Recherche &#8211; TERiX<\/title>\n<meta name=\"robots\" content=\"index, follow, max-snippet:-1, max-image-preview:large, max-video-preview:-1\" \/>\n<link rel=\"canonical\" href=\"https:\/\/terix.com\/resources\/research-brief\/\" \/>\n<meta property=\"og:locale\" content=\"fr_FR\" \/>\n<meta property=\"og:type\" content=\"article\" \/>\n<meta property=\"og:title\" content=\"[:en]Research Brief[:fr]Les M\u00e9moires De Recherche[:] &#8211; TERiX\" \/>\n<meta property=\"og:description\" content=\"LES M\u00c9MOIRES DE RECHERCHE Les m\u00e9moires de recherche de TERiX&hellip;Continue readingLes M\u00e9moires De Recherche\" \/>\n<meta property=\"og:url\" content=\"https:\/\/terix.com\/resources\/research-brief\/\" \/>\n<meta property=\"og:site_name\" content=\"TERiX\" \/>\n<meta property=\"article:publisher\" content=\"https:\/\/www.facebook.com\/terixcompservice\/\" \/>\n<meta property=\"article:modified_time\" content=\"2022-09-17T08:35:35+00:00\" \/>\n<meta property=\"og:image\" content=\"https:\/\/terix.com\/wp-content\/uploads\/2022\/04\/terix_logo.png\" \/>\n\t<meta property=\"og:image:width\" content=\"572\" \/>\n\t<meta property=\"og:image:height\" content=\"278\" \/>\n\t<meta property=\"og:image:type\" content=\"image\/png\" \/>\n<meta name=\"twitter:card\" content=\"summary_large_image\" \/>\n<meta name=\"twitter:site\" content=\"@TellTERix\" \/>\n<meta name=\"twitter:label1\" content=\"Dur\u00e9e de lecture estim\u00e9e\" \/>\n\t<meta name=\"twitter:data1\" content=\"2 minutes\" \/>\n<script type=\"application\/ld+json\" class=\"yoast-schema-graph\">{\"@context\":\"https:\\\/\\\/schema.org\",\"@graph\":[{\"@type\":\"WebPage\",\"@id\":\"https:\\\/\\\/terix.com\\\/resources\\\/research-brief\\\/\",\"url\":\"https:\\\/\\\/terix.com\\\/resources\\\/research-brief\\\/\",\"name\":\"[:en]Research Brief[:fr]Les M\u00e9moires De Recherche[:] &#8211; TERiX\",\"isPartOf\":{\"@id\":\"https:\\\/\\\/terix.com\\\/#website\"},\"datePublished\":\"2021-12-13T14:29:10+00:00\",\"dateModified\":\"2022-09-17T08:35:35+00:00\",\"breadcrumb\":{\"@id\":\"https:\\\/\\\/terix.com\\\/resources\\\/research-brief\\\/#breadcrumb\"},\"inLanguage\":\"fr-FR\",\"potentialAction\":[{\"@type\":\"ReadAction\",\"target\":[\"https:\\\/\\\/terix.com\\\/resources\\\/research-brief\\\/\"]}]},{\"@type\":\"BreadcrumbList\",\"@id\":\"https:\\\/\\\/terix.com\\\/resources\\\/research-brief\\\/#breadcrumb\",\"itemListElement\":[{\"@type\":\"ListItem\",\"position\":1,\"name\":\"Home\",\"item\":\"https:\\\/\\\/terix.com\\\/\"},{\"@type\":\"ListItem\",\"position\":2,\"name\":\"RESOURCES\",\"item\":\"https:\\\/\\\/terix.com\\\/resources\\\/\"},{\"@type\":\"ListItem\",\"position\":3,\"name\":\"Research Brief\"}]},{\"@type\":\"WebSite\",\"@id\":\"https:\\\/\\\/terix.com\\\/#website\",\"url\":\"https:\\\/\\\/terix.com\\\/\",\"name\":\"TERiX\",\"description\":\"Third Party Maintenance\",\"publisher\":{\"@id\":\"https:\\\/\\\/terix.com\\\/#organization\"},\"potentialAction\":[{\"@type\":\"SearchAction\",\"target\":{\"@type\":\"EntryPoint\",\"urlTemplate\":\"https:\\\/\\\/terix.com\\\/?s={search_term_string}\"},\"query-input\":{\"@type\":\"PropertyValueSpecification\",\"valueRequired\":true,\"valueName\":\"search_term_string\"}}],\"inLanguage\":\"fr-FR\"},{\"@type\":\"Organization\",\"@id\":\"https:\\\/\\\/terix.com\\\/#organization\",\"name\":\"TERiX International\",\"url\":\"https:\\\/\\\/terix.com\\\/\",\"logo\":{\"@type\":\"ImageObject\",\"inLanguage\":\"fr-FR\",\"@id\":\"https:\\\/\\\/terix.com\\\/#\\\/schema\\\/logo\\\/image\\\/\",\"url\":\"https:\\\/\\\/terix.com\\\/wp-content\\\/uploads\\\/2021\\\/09\\\/terix-logo.png\",\"contentUrl\":\"https:\\\/\\\/terix.com\\\/wp-content\\\/uploads\\\/2021\\\/09\\\/terix-logo.png\",\"width\":147,\"height\":56,\"caption\":\"TERiX International\"},\"image\":{\"@id\":\"https:\\\/\\\/terix.com\\\/#\\\/schema\\\/logo\\\/image\\\/\"},\"sameAs\":[\"https:\\\/\\\/www.facebook.com\\\/terixcompservice\\\/\",\"https:\\\/\\\/x.com\\\/TellTERix\",\"https:\\\/\\\/www.linkedin.com\\\/company\\\/terix-computer-service\"]}]}<\/script>\n<!-- \/ Yoast SEO plugin. -->","yoast_head_json":{"title":"[:en]Research Brief[:fr]Les M\u00e9moires De Recherche[:] &#8211; TERiX","robots":{"index":"index","follow":"follow","max-snippet":"max-snippet:-1","max-image-preview":"max-image-preview:large","max-video-preview":"max-video-preview:-1"},"canonical":"https:\/\/terix.com\/resources\/research-brief\/","og_locale":"fr_FR","og_type":"article","og_title":"[:en]Research Brief[:fr]Les M\u00e9moires De Recherche[:] &#8211; TERiX","og_description":"LES M\u00c9MOIRES DE RECHERCHE Les m\u00e9moires de recherche de TERiX&hellip;Continue readingLes M\u00e9moires De Recherche","og_url":"https:\/\/terix.com\/resources\/research-brief\/","og_site_name":"TERiX","article_publisher":"https:\/\/www.facebook.com\/terixcompservice\/","article_modified_time":"2022-09-17T08:35:35+00:00","og_image":[{"width":572,"height":278,"url":"https:\/\/terix.com\/wp-content\/uploads\/2022\/04\/terix_logo.png","type":"image\/png"}],"twitter_card":"summary_large_image","twitter_site":"@TellTERix","twitter_misc":{"Dur\u00e9e de lecture estim\u00e9e":"2 minutes"},"schema":{"@context":"https:\/\/schema.org","@graph":[{"@type":"WebPage","@id":"https:\/\/terix.com\/resources\/research-brief\/","url":"https:\/\/terix.com\/resources\/research-brief\/","name":"[:en]Research Brief[:fr]Les M\u00e9moires De Recherche[:] &#8211; TERiX","isPartOf":{"@id":"https:\/\/terix.com\/#website"},"datePublished":"2021-12-13T14:29:10+00:00","dateModified":"2022-09-17T08:35:35+00:00","breadcrumb":{"@id":"https:\/\/terix.com\/resources\/research-brief\/#breadcrumb"},"inLanguage":"fr-FR","potentialAction":[{"@type":"ReadAction","target":["https:\/\/terix.com\/resources\/research-brief\/"]}]},{"@type":"BreadcrumbList","@id":"https:\/\/terix.com\/resources\/research-brief\/#breadcrumb","itemListElement":[{"@type":"ListItem","position":1,"name":"Home","item":"https:\/\/terix.com\/"},{"@type":"ListItem","position":2,"name":"RESOURCES","item":"https:\/\/terix.com\/resources\/"},{"@type":"ListItem","position":3,"name":"Research Brief"}]},{"@type":"WebSite","@id":"https:\/\/terix.com\/#website","url":"https:\/\/terix.com\/","name":"TERiX","description":"Third Party Maintenance","publisher":{"@id":"https:\/\/terix.com\/#organization"},"potentialAction":[{"@type":"SearchAction","target":{"@type":"EntryPoint","urlTemplate":"https:\/\/terix.com\/?s={search_term_string}"},"query-input":{"@type":"PropertyValueSpecification","valueRequired":true,"valueName":"search_term_string"}}],"inLanguage":"fr-FR"},{"@type":"Organization","@id":"https:\/\/terix.com\/#organization","name":"TERiX International","url":"https:\/\/terix.com\/","logo":{"@type":"ImageObject","inLanguage":"fr-FR","@id":"https:\/\/terix.com\/#\/schema\/logo\/image\/","url":"https:\/\/terix.com\/wp-content\/uploads\/2021\/09\/terix-logo.png","contentUrl":"https:\/\/terix.com\/wp-content\/uploads\/2021\/09\/terix-logo.png","width":147,"height":56,"caption":"TERiX International"},"image":{"@id":"https:\/\/terix.com\/#\/schema\/logo\/image\/"},"sameAs":["https:\/\/www.facebook.com\/terixcompservice\/","https:\/\/x.com\/TellTERix","https:\/\/www.linkedin.com\/company\/terix-computer-service"]}]}},"_links":{"self":[{"href":"https:\/\/terix.com\/fr\/wp-json\/wp\/v2\/pages\/661","targetHints":{"allow":["GET"]}}],"collection":[{"href":"https:\/\/terix.com\/fr\/wp-json\/wp\/v2\/pages"}],"about":[{"href":"https:\/\/terix.com\/fr\/wp-json\/wp\/v2\/types\/page"}],"author":[{"embeddable":true,"href":"https:\/\/terix.com\/fr\/wp-json\/wp\/v2\/users\/1"}],"replies":[{"embeddable":true,"href":"https:\/\/terix.com\/fr\/wp-json\/wp\/v2\/comments?post=661"}],"version-history":[{"count":5,"href":"https:\/\/terix.com\/fr\/wp-json\/wp\/v2\/pages\/661\/revisions"}],"predecessor-version":[{"id":1282,"href":"https:\/\/terix.com\/fr\/wp-json\/wp\/v2\/pages\/661\/revisions\/1282"}],"up":[{"embeddable":true,"href":"https:\/\/terix.com\/fr\/wp-json\/wp\/v2\/pages\/654"}],"wp:attachment":[{"href":"https:\/\/terix.com\/fr\/wp-json\/wp\/v2\/media?parent=661"}],"curies":[{"name":"wp","href":"https:\/\/api.w.org\/{rel}","templated":true}]}}