{"id":646,"date":"2021-12-13T14:11:19","date_gmt":"2021-12-13T14:11:19","guid":{"rendered":"http:\/\/demo.terix.com\/?page_id=646"},"modified":"2021-12-16T09:35:05","modified_gmt":"2021-12-16T09:35:05","slug":"systems-integrators","status":"publish","type":"page","link":"https:\/\/terix.com\/fr\/partners\/strategic-partner\/systems-integrators\/","title":{"rendered":"Int\u00e9grateurs De Syst\u00e8mes"},"content":{"rendered":"<p><\/p>\n<h3><strong>INT\u00c9GRATEURS DE SYST\u00c8MES<\/strong><\/h3>\n<h3>Outsourcing Simplicity<\/h3>\n<p>TERiX is a full-featured alternative to OEM hardware maintenance, delivered by hardware and engineering experts certified on over 30 OEM brands, using certified and lab-tested parts. Our technicians and engineers are familiar with thousands of single and cross-brand configurations, and are easy to work with at any level. Systems and service integrators enjoy the practical benefits of partnership with TERiX as a multi-vendor, multi-lifecycle maintenance provider, operating as an extension of the integrator\u2019s own brand as a more agile and potentially more profitable alternative to rigid OEM maintenance.<\/p>\n<p>This not only boosts your offering with multi-brand, multi-lifecycle, multi-location services, but provides crucial scalability and insurance for the future as enterprise customers grow and their systems evolve over time. Partnering with TERiX gives you a broad and deep menu of datacenter maintenance services to offer customers now and to attract more customers in the future. You secure the business, and TERiX does the work, bringing you more opportunities and revenues.<\/p>\n<h3>Global scope with local reliability<\/h3>\n<h4>TERiX compared to Maintenance Industry Benchmarks<\/h4>\n<div>\n<table>\n<tbody>\n<tr>\n<th>Industry Standard<\/th>\n<th>TERiX<\/th>\n<\/tr>\n<tr>\n<td colspan=\"2\">Avg. time to reach a human being:<\/td>\n<\/tr>\n<tr>\n<td>55 seconds<\/td>\n<td>17 seconds<\/td>\n<\/tr>\n<tr>\n<td colspan=\"2\">Percentage of time Service Level Agreement (SLA) is met:<\/td>\n<\/tr>\n<tr>\n<td>88.5%<\/td>\n<td>98.3%<\/td>\n<\/tr>\n<tr>\n<td colspan=\"2\">Correct part available same-day percentage:<\/td>\n<\/tr>\n<tr>\n<td>86.9%<\/td>\n<td>96.8%<\/td>\n<\/tr>\n<\/tbody>\n<\/table>\n<blockquote><p>\u201cIndustry standard benchmarks excerpted from Gartner Market Focus Survey \u00a92008 The Gartner Group. TERiX performance excerpted from TERiX Ticketing System and Response Center analytics as of Jul 2017.\u201d<\/p><\/blockquote>\n<\/div>\n<ul>\n<li>Extensive sparing and warehousing logistics resources and certified L1 \u2013 L3+ staffing for an OEM-grade (or better) service experience<\/li>\n<li>TERiX support is available in North America, Europe, Australia and Asia, including the growing markets in India, Singapore, South Korea and Japan<\/li>\n<li>Vendor-neutral, multi-lifecycle offerings to fill a broad range of maintenance gaps overnight<\/li>\n<li>Support for over 30 OEM brands and of servers, storage and networking all on one contract, with volume discounting across brands\n<ul>\n<li>Supported hardware includes new and EOL\/EOSL systems from IBM, HP, Oracle Sun, EMC, NetApp, STK, Hitachi, Cisco, Supermicro, Compaq, Industry-standard x86 lines<\/li>\n<li>OS support for Unix operating systems including Solaris, HP-UX, AIX, HP-ME and others<\/li>\n<\/ul>\n<\/li>\n<\/ul>\n<h3>Significant value to systems integrators<\/h3>\n<ul>\n<li>Expands competitiveness and breadth of certifications instantly<\/li>\n<li>OEMs, other third party providers have an incentive to compete with you for hardware sales and customers; TERiX is totally focused on hardware maintenance excellence, and your success<\/li>\n<li>Responsive, easier to work with and empowered to be far more flexible than OEM sales teams<\/li>\n<li>Volume discounting across brands<\/li>\n<li>Dedicated sales support with fast, comprehensive quote turnaround for TERiX partners<\/li>\n<\/ul>\n<h3>More opportunities makes you more competitive<\/h3>\n<p>Leveraging these combined strengths with an ease of doing business, TERiX Systems Integrator partnerships deliver a comprehensive, innovative, and margin-friendly solution whether service delivery is across town or across hemispheres, at a single datacenter location or at hundreds for the same customer. TERiX supports your position as a trusted advisor to your service clients, giving you the tools to be more profitable and more competitive in your markets.<\/p>\n<h3>Find out more<\/h3>\n<p>Above is a brief and generic overview of the options and benefits available to you as a TERiX Systems Integrator Strategic Partner. Connect with us using our\u00a0<a href=\"\/contact\">contact form<\/a>, and we will follow up with more details relevant to you specifically.<\/p>","protected":false},"excerpt":{"rendered":"<p>INT\u00c9GRATEURS DE SYST\u00c8MES Outsourcing Simplicity TERiX is a full-featured alternative&hellip;<a href=\"https:\/\/terix.com\/fr\/partners\/strategic-partner\/systems-integrators\/\" class=\"more-link\"><span class=\"more-button\">Continue reading<span class=\"screen-reader-text\">Int\u00e9grateurs De Syst\u00e8mes<\/span><\/span><\/a><\/p>\n","protected":false},"author":1,"featured_media":0,"parent":644,"menu_order":0,"comment_status":"closed","ping_status":"closed","template":"elementor_header_footer","meta":{"footnotes":""},"class_list":["post-646","page","type-page","status-publish","hentry"],"yoast_head":"<!-- This site is optimized with the Yoast SEO plugin v27.3 - https:\/\/yoast.com\/product\/yoast-seo-wordpress\/ -->\n<title>Int\u00e9grateurs De Syst\u00e8mes &#8211; TERiX<\/title>\n<meta name=\"robots\" content=\"index, follow, max-snippet:-1, max-image-preview:large, max-video-preview:-1\" \/>\n<link rel=\"canonical\" href=\"https:\/\/terix.com\/partners\/strategic-partner\/systems-integrators\/\" \/>\n<meta property=\"og:locale\" content=\"fr_FR\" \/>\n<meta property=\"og:type\" content=\"article\" \/>\n<meta property=\"og:title\" content=\"[:en]Systems Integrators[:fr]Int\u00e9grateurs De Syst\u00e8mes[:] &#8211; TERiX\" \/>\n<meta property=\"og:description\" content=\"INT\u00c9GRATEURS DE SYST\u00c8MES Outsourcing Simplicity TERiX is a full-featured alternative&hellip;Continue readingInt\u00e9grateurs De Syst\u00e8mes\" \/>\n<meta property=\"og:url\" content=\"https:\/\/terix.com\/partners\/strategic-partner\/systems-integrators\/\" \/>\n<meta property=\"og:site_name\" content=\"TERiX\" \/>\n<meta property=\"article:publisher\" content=\"https:\/\/www.facebook.com\/terixcompservice\/\" \/>\n<meta property=\"article:modified_time\" content=\"2021-12-16T09:35:05+00:00\" \/>\n<meta property=\"og:image\" content=\"https:\/\/terix.com\/wp-content\/uploads\/2022\/04\/terix_logo.png\" \/>\n\t<meta property=\"og:image:width\" content=\"572\" \/>\n\t<meta property=\"og:image:height\" content=\"278\" \/>\n\t<meta property=\"og:image:type\" content=\"image\/png\" \/>\n<meta name=\"twitter:card\" content=\"summary_large_image\" \/>\n<meta name=\"twitter:site\" content=\"@TellTERix\" \/>\n<meta name=\"twitter:label1\" content=\"Dur\u00e9e de lecture estim\u00e9e\" \/>\n\t<meta name=\"twitter:data1\" content=\"5 minutes\" \/>\n<script type=\"application\/ld+json\" class=\"yoast-schema-graph\">{\"@context\":\"https:\\\/\\\/schema.org\",\"@graph\":[{\"@type\":\"WebPage\",\"@id\":\"https:\\\/\\\/terix.com\\\/partners\\\/strategic-partner\\\/systems-integrators\\\/\",\"url\":\"https:\\\/\\\/terix.com\\\/partners\\\/strategic-partner\\\/systems-integrators\\\/\",\"name\":\"[:en]Systems Integrators[:fr]Int\u00e9grateurs De Syst\u00e8mes[:] &#8211; TERiX\",\"isPartOf\":{\"@id\":\"https:\\\/\\\/terix.com\\\/#website\"},\"datePublished\":\"2021-12-13T14:11:19+00:00\",\"dateModified\":\"2021-12-16T09:35:05+00:00\",\"breadcrumb\":{\"@id\":\"https:\\\/\\\/terix.com\\\/partners\\\/strategic-partner\\\/systems-integrators\\\/#breadcrumb\"},\"inLanguage\":\"fr-FR\",\"potentialAction\":[{\"@type\":\"ReadAction\",\"target\":[\"https:\\\/\\\/terix.com\\\/partners\\\/strategic-partner\\\/systems-integrators\\\/\"]}]},{\"@type\":\"BreadcrumbList\",\"@id\":\"https:\\\/\\\/terix.com\\\/partners\\\/strategic-partner\\\/systems-integrators\\\/#breadcrumb\",\"itemListElement\":[{\"@type\":\"ListItem\",\"position\":1,\"name\":\"Home\",\"item\":\"https:\\\/\\\/terix.com\\\/\"},{\"@type\":\"ListItem\",\"position\":2,\"name\":\"Partners\",\"item\":\"https:\\\/\\\/terix.com\\\/partners\\\/\"},{\"@type\":\"ListItem\",\"position\":3,\"name\":\"Strategic Partner\",\"item\":\"https:\\\/\\\/terix.com\\\/partners\\\/strategic-partner\\\/\"},{\"@type\":\"ListItem\",\"position\":4,\"name\":\"Systems Integrators\"}]},{\"@type\":\"WebSite\",\"@id\":\"https:\\\/\\\/terix.com\\\/#website\",\"url\":\"https:\\\/\\\/terix.com\\\/\",\"name\":\"TERiX\",\"description\":\"Third Party Maintenance\",\"publisher\":{\"@id\":\"https:\\\/\\\/terix.com\\\/#organization\"},\"potentialAction\":[{\"@type\":\"SearchAction\",\"target\":{\"@type\":\"EntryPoint\",\"urlTemplate\":\"https:\\\/\\\/terix.com\\\/?s={search_term_string}\"},\"query-input\":{\"@type\":\"PropertyValueSpecification\",\"valueRequired\":true,\"valueName\":\"search_term_string\"}}],\"inLanguage\":\"fr-FR\"},{\"@type\":\"Organization\",\"@id\":\"https:\\\/\\\/terix.com\\\/#organization\",\"name\":\"TERiX International\",\"url\":\"https:\\\/\\\/terix.com\\\/\",\"logo\":{\"@type\":\"ImageObject\",\"inLanguage\":\"fr-FR\",\"@id\":\"https:\\\/\\\/terix.com\\\/#\\\/schema\\\/logo\\\/image\\\/\",\"url\":\"https:\\\/\\\/terix.com\\\/wp-content\\\/uploads\\\/2021\\\/09\\\/terix-logo.png\",\"contentUrl\":\"https:\\\/\\\/terix.com\\\/wp-content\\\/uploads\\\/2021\\\/09\\\/terix-logo.png\",\"width\":147,\"height\":56,\"caption\":\"TERiX International\"},\"image\":{\"@id\":\"https:\\\/\\\/terix.com\\\/#\\\/schema\\\/logo\\\/image\\\/\"},\"sameAs\":[\"https:\\\/\\\/www.facebook.com\\\/terixcompservice\\\/\",\"https:\\\/\\\/x.com\\\/TellTERix\",\"https:\\\/\\\/www.linkedin.com\\\/company\\\/terix-computer-service\"]}]}<\/script>\n<!-- \/ Yoast SEO plugin. -->","yoast_head_json":{"title":"[:en]Systems Integrators[:fr]Int\u00e9grateurs De Syst\u00e8mes[:] &#8211; TERiX","robots":{"index":"index","follow":"follow","max-snippet":"max-snippet:-1","max-image-preview":"max-image-preview:large","max-video-preview":"max-video-preview:-1"},"canonical":"https:\/\/terix.com\/partners\/strategic-partner\/systems-integrators\/","og_locale":"fr_FR","og_type":"article","og_title":"[:en]Systems Integrators[:fr]Int\u00e9grateurs De Syst\u00e8mes[:] &#8211; TERiX","og_description":"INT\u00c9GRATEURS DE SYST\u00c8MES Outsourcing Simplicity TERiX is a full-featured alternative&hellip;Continue readingInt\u00e9grateurs De Syst\u00e8mes","og_url":"https:\/\/terix.com\/partners\/strategic-partner\/systems-integrators\/","og_site_name":"TERiX","article_publisher":"https:\/\/www.facebook.com\/terixcompservice\/","article_modified_time":"2021-12-16T09:35:05+00:00","og_image":[{"width":572,"height":278,"url":"https:\/\/terix.com\/wp-content\/uploads\/2022\/04\/terix_logo.png","type":"image\/png"}],"twitter_card":"summary_large_image","twitter_site":"@TellTERix","twitter_misc":{"Dur\u00e9e de lecture estim\u00e9e":"5 minutes"},"schema":{"@context":"https:\/\/schema.org","@graph":[{"@type":"WebPage","@id":"https:\/\/terix.com\/partners\/strategic-partner\/systems-integrators\/","url":"https:\/\/terix.com\/partners\/strategic-partner\/systems-integrators\/","name":"[:en]Systems Integrators[:fr]Int\u00e9grateurs De Syst\u00e8mes[:] &#8211; TERiX","isPartOf":{"@id":"https:\/\/terix.com\/#website"},"datePublished":"2021-12-13T14:11:19+00:00","dateModified":"2021-12-16T09:35:05+00:00","breadcrumb":{"@id":"https:\/\/terix.com\/partners\/strategic-partner\/systems-integrators\/#breadcrumb"},"inLanguage":"fr-FR","potentialAction":[{"@type":"ReadAction","target":["https:\/\/terix.com\/partners\/strategic-partner\/systems-integrators\/"]}]},{"@type":"BreadcrumbList","@id":"https:\/\/terix.com\/partners\/strategic-partner\/systems-integrators\/#breadcrumb","itemListElement":[{"@type":"ListItem","position":1,"name":"Home","item":"https:\/\/terix.com\/"},{"@type":"ListItem","position":2,"name":"Partners","item":"https:\/\/terix.com\/partners\/"},{"@type":"ListItem","position":3,"name":"Strategic Partner","item":"https:\/\/terix.com\/partners\/strategic-partner\/"},{"@type":"ListItem","position":4,"name":"Systems Integrators"}]},{"@type":"WebSite","@id":"https:\/\/terix.com\/#website","url":"https:\/\/terix.com\/","name":"TERiX","description":"Third Party Maintenance","publisher":{"@id":"https:\/\/terix.com\/#organization"},"potentialAction":[{"@type":"SearchAction","target":{"@type":"EntryPoint","urlTemplate":"https:\/\/terix.com\/?s={search_term_string}"},"query-input":{"@type":"PropertyValueSpecification","valueRequired":true,"valueName":"search_term_string"}}],"inLanguage":"fr-FR"},{"@type":"Organization","@id":"https:\/\/terix.com\/#organization","name":"TERiX International","url":"https:\/\/terix.com\/","logo":{"@type":"ImageObject","inLanguage":"fr-FR","@id":"https:\/\/terix.com\/#\/schema\/logo\/image\/","url":"https:\/\/terix.com\/wp-content\/uploads\/2021\/09\/terix-logo.png","contentUrl":"https:\/\/terix.com\/wp-content\/uploads\/2021\/09\/terix-logo.png","width":147,"height":56,"caption":"TERiX International"},"image":{"@id":"https:\/\/terix.com\/#\/schema\/logo\/image\/"},"sameAs":["https:\/\/www.facebook.com\/terixcompservice\/","https:\/\/x.com\/TellTERix","https:\/\/www.linkedin.com\/company\/terix-computer-service"]}]}},"_links":{"self":[{"href":"https:\/\/terix.com\/fr\/wp-json\/wp\/v2\/pages\/646","targetHints":{"allow":["GET"]}}],"collection":[{"href":"https:\/\/terix.com\/fr\/wp-json\/wp\/v2\/pages"}],"about":[{"href":"https:\/\/terix.com\/fr\/wp-json\/wp\/v2\/types\/page"}],"author":[{"embeddable":true,"href":"https:\/\/terix.com\/fr\/wp-json\/wp\/v2\/users\/1"}],"replies":[{"embeddable":true,"href":"https:\/\/terix.com\/fr\/wp-json\/wp\/v2\/comments?post=646"}],"version-history":[{"count":7,"href":"https:\/\/terix.com\/fr\/wp-json\/wp\/v2\/pages\/646\/revisions"}],"predecessor-version":[{"id":973,"href":"https:\/\/terix.com\/fr\/wp-json\/wp\/v2\/pages\/646\/revisions\/973"}],"up":[{"embeddable":true,"href":"https:\/\/terix.com\/fr\/wp-json\/wp\/v2\/pages\/644"}],"wp:attachment":[{"href":"https:\/\/terix.com\/fr\/wp-json\/wp\/v2\/media?parent=646"}],"curies":[{"name":"wp","href":"https:\/\/api.w.org\/{rel}","templated":true}]}}