{"id":637,"date":"2021-12-13T13:50:40","date_gmt":"2021-12-13T13:50:40","guid":{"rendered":"http:\/\/demo.terix.com\/?page_id=637"},"modified":"2021-12-16T09:29:23","modified_gmt":"2021-12-16T09:29:23","slug":"the-terix-advantage","status":"publish","type":"page","link":"https:\/\/terix.com\/fr\/partners\/channel-partner\/the-terix-advantage\/","title":{"rendered":"L\u2019avantage Terix"},"content":{"rendered":"<p><\/p>\n<h3><strong>L\u2019AVANTAGE TERIX<\/strong><\/h3>\n<p>Vos clients viennent \u00e0 vous pour des solutions. Lorsque vous pr\u00e9sentez des id\u00e9es rentables qui v\u00e9ritablement plaisent aux clients, vous cr\u00e9ez des relations \u00e0 long terme qui contribuent aux activit\u00e9s r\u00e9currentes. Cette tradition prim\u00e9e est au coeur du fonctionnement de TERiX. TERiX fournit la maintenance mat\u00e9rielle du centre de donn\u00e9es comme une solution de rechange \u00e0 la fois plus intelligente que celle du OEM avec leur co\u00fbt \u00e9lev\u00e9 et ceux de tierce partie \u00e0 faible co\u00fbt et maintenance m\u00e9diocre.<\/p>\n<p>Avec un chiffre d\u2019affaires augment\u00e9 d\u2019un tiers par rapport \u00e0 l\u2019ann\u00e9e pr\u00e9c\u00e9dente, nous sommes strat\u00e9giquement un fournisseur de services avec si\u00e8ge social dans le Silicon Valley et des grandes centrales de commande aux \u00c9tats-Unis, au Canada, au Japon, en Inde, \u00e0 Singapour, en Cor\u00e9e du Sud et en Australie. Notre r\u00e9seau de logistique et de distribution fonctionne actuellement sur quatre continents et r\u00e9pond \u00e0 plus de 1 000 clients dans plus de 56 pays. Un pourcentage important de cette activit\u00e9 se fait avec l\u2019entremise de nos partenaires.<\/p>\n<blockquote>\n<h4>\u00abChez TERiX, nous comprenons la complexit\u00e9 du maintien des relations continues entre les fournisseurs de solutions technologiques et leurs clients. Nous mettons l\u2019accent sur le partenariat principalement dans les tranch\u00e9es, o\u00f9 il importe, par conf\u00e9rences t\u00e9l\u00e9phoniques, en fournissant des r\u00e9f\u00e9rences, en \u00e9tablissant des appels d\u2019essai, et en g\u00e9n\u00e9ral en essayant de traiter chacun de nos revendeurs comme s\u2019il serait en fait notre seul revendeur\u00bb<\/h4>\n<\/blockquote>\n<p>Nos techniciens et ing\u00e9nieurs r\u00e9pondent aux normes mondiales les plus strictes en mati\u00e8re de s\u00e9curit\u00e9, de certification et de conformit\u00e9 qui nous permettent de maintenir le mat\u00e9riel de serveur, de stockage et de r\u00e9seau et les syst\u00e8mes d\u2019exploitation UNIX comme le choix d\u2019entretien plus s\u00fbr, plus personnalis\u00e9 pour les centres de donn\u00e9es et les entreprises du milieu de gamme, ainsi que les entreprises et les organismes gouvernementaux qui les exploitent.<\/p>\n<p>Contrairement aux fournisseurs de services coupe-taux avec des niveaux de service nettement inf\u00e9rieurs \u00e0 l\u2019OEM, TERiX offre une des options \u00e9quivalentes de soutien avec les accords de niveau de service (SLA), ainsi que d\u2019 un patrimoine d\u2019ing\u00e9nierie qui fr\u00e9quemment fournit des services au-del\u00e0 de ce que les constructeurs eux-m\u00eames offrent aux clients.<\/p>\n<p>TERiX respecte et encourage les partenaires avec des options flexibles de commission et de prix pour s\u2019assurer que vous ne r\u00e9duisez pas vos revenus dans le processus de revente de TERiX \u00e0 vos clients. Lorsque certains Manufacturiers (OEM) ont traditionnellement eu des relations difficiles avec leurs cha\u00eenes et que de nombreux fournisseurs tiers prennent le contr\u00f4le des comptes Clients apr\u00e8s un certain nombre d\u2019ann\u00e9es, TERiX fait confiance et cultive l\u2019activit\u00e9 de partenariat. Le partenariat est au coeur de notre ADN. Plut\u00f4t que de dicter des termes ou d\u2019imposer des exigences de vente strictes comme d\u2019autres fournisseurs, TERiX vous donne la plate-forme et effectue toutes les op\u00e9rations de vente TERiX en votre nom. De cette fa\u00e7on, vous pouvez vous concentrer sur vos propres ventes de mat\u00e9riel et valeur ajout\u00e9e, alors que nous nous assurons que les prospects obtiennent leurs informations TERiX de mani\u00e8re coh\u00e9rente \u00e0 chaque occasion.<\/p>\n<h3>Le support de TERiX fait bon sens des affaires<\/h3>\n<p>Qu\u2019est-ce qui fait de TERiX un meilleur service et une meilleure valeur pour vous et vos clients?<\/p>\n<ul>\n<li>Empreinte mondiale avec une exp\u00e9rience locale coh\u00e9rente<\/li>\n<li>Pi\u00e8ces certifi\u00e9es individuellement et test\u00e9es en laboratoire<\/li>\n<li>R\u00e9seau logistique mondial et couverture technique<\/li>\n<li>Acc\u00e8s en ligne s\u00e9curis\u00e9 pour tickets de service des clients<\/li>\n<li>Des solutions proactives, automatis\u00e9es ou enti\u00e8rement libre-service pour r\u00e9pondre \u00e0 toutes les pr\u00e9f\u00e9rences<\/li>\n<li>Solutions de support multi-fournisseurs<\/li>\n<li>Disponibilit\u00e9 7x24x365 de support t\u00e9l\u00e9phonique, courriel et site web<\/li>\n<li>Connaissance du syst\u00e8me d\u2019exploitation<\/li>\n<li>Prise en charge des produits matures existants, en fin de vie et des nouveaux produits<\/li>\n<li>Couverture disponible pour plus de 30 marques OEM de mat\u00e9riel serveur, de stockage et de r\u00e9seau<\/li>\n<li>Les revenus sont 100% bas\u00e9s sur les services<\/li>\n<li>Politique \u00abFixFIRST\u00bb &amp; politique d\u2019interop\u00e9rabilit\u00e9<\/li>\n<li>Pr\u00e9ventes personnelles d\u2019assistance sur les appels et les garanties des responsables du d\u00e9veloppement des affaires TERiX pour Revendeurs<\/li>\n<\/ul>\n<h3>En savoir plus<\/h3>\n<p>Pour en savoir plus, c\u2019est simple. Il suffit de communiquer avec TERiX Channel Sales au\u00a0<strong>000-800-100-7020 (India) 877-837-4999 (North America)<\/strong>\u00a0ou de remplir le formulaire de r\u00e9ponse ci-dessous et de cliquer sur Envoyer.<\/p>","protected":false},"excerpt":{"rendered":"<p>L\u2019AVANTAGE TERIX Vos clients viennent \u00e0 vous pour des solutions.&hellip;<a href=\"https:\/\/terix.com\/fr\/partners\/channel-partner\/the-terix-advantage\/\" class=\"more-link\"><span class=\"more-button\">Continue reading<span class=\"screen-reader-text\">L\u2019avantage Terix<\/span><\/span><\/a><\/p>\n","protected":false},"author":1,"featured_media":0,"parent":639,"menu_order":0,"comment_status":"closed","ping_status":"closed","template":"elementor_header_footer","meta":{"footnotes":""},"class_list":["post-637","page","type-page","status-publish","hentry"],"yoast_head":"<!-- This site is optimized with the Yoast SEO plugin v27.3 - https:\/\/yoast.com\/product\/yoast-seo-wordpress\/ -->\n<title>L\u2019avantage Terix &#8211; TERiX<\/title>\n<meta name=\"robots\" content=\"index, follow, max-snippet:-1, max-image-preview:large, max-video-preview:-1\" \/>\n<link rel=\"canonical\" href=\"https:\/\/terix.com\/partners\/channel-partner\/the-terix-advantage\/\" \/>\n<meta property=\"og:locale\" content=\"fr_FR\" \/>\n<meta property=\"og:type\" content=\"article\" \/>\n<meta property=\"og:title\" content=\"[:en]The Terix Advantage[:fr]L\u2019avantage Terix[:] &#8211; TERiX\" \/>\n<meta property=\"og:description\" content=\"L\u2019AVANTAGE TERIX Vos clients viennent \u00e0 vous pour des solutions.&hellip;Continue readingL\u2019avantage Terix\" \/>\n<meta property=\"og:url\" content=\"https:\/\/terix.com\/partners\/channel-partner\/the-terix-advantage\/\" \/>\n<meta property=\"og:site_name\" content=\"TERiX\" \/>\n<meta property=\"article:publisher\" content=\"https:\/\/www.facebook.com\/terixcompservice\/\" \/>\n<meta property=\"article:modified_time\" content=\"2021-12-16T09:29:23+00:00\" \/>\n<meta property=\"og:image\" content=\"https:\/\/terix.com\/wp-content\/uploads\/2022\/04\/terix_logo.png\" \/>\n\t<meta property=\"og:image:width\" content=\"572\" \/>\n\t<meta property=\"og:image:height\" content=\"278\" \/>\n\t<meta property=\"og:image:type\" content=\"image\/png\" \/>\n<meta name=\"twitter:card\" content=\"summary_large_image\" \/>\n<meta name=\"twitter:site\" content=\"@TellTERix\" \/>\n<meta name=\"twitter:label1\" content=\"Dur\u00e9e de lecture estim\u00e9e\" \/>\n\t<meta name=\"twitter:data1\" content=\"7 minutes\" \/>\n<script type=\"application\/ld+json\" class=\"yoast-schema-graph\">{\"@context\":\"https:\\\/\\\/schema.org\",\"@graph\":[{\"@type\":\"WebPage\",\"@id\":\"https:\\\/\\\/terix.com\\\/partners\\\/channel-partner\\\/the-terix-advantage\\\/\",\"url\":\"https:\\\/\\\/terix.com\\\/partners\\\/channel-partner\\\/the-terix-advantage\\\/\",\"name\":\"[:en]The Terix Advantage[:fr]L\u2019avantage Terix[:] &#8211; TERiX\",\"isPartOf\":{\"@id\":\"https:\\\/\\\/terix.com\\\/#website\"},\"datePublished\":\"2021-12-13T13:50:40+00:00\",\"dateModified\":\"2021-12-16T09:29:23+00:00\",\"breadcrumb\":{\"@id\":\"https:\\\/\\\/terix.com\\\/partners\\\/channel-partner\\\/the-terix-advantage\\\/#breadcrumb\"},\"inLanguage\":\"fr-FR\",\"potentialAction\":[{\"@type\":\"ReadAction\",\"target\":[\"https:\\\/\\\/terix.com\\\/partners\\\/channel-partner\\\/the-terix-advantage\\\/\"]}]},{\"@type\":\"BreadcrumbList\",\"@id\":\"https:\\\/\\\/terix.com\\\/partners\\\/channel-partner\\\/the-terix-advantage\\\/#breadcrumb\",\"itemListElement\":[{\"@type\":\"ListItem\",\"position\":1,\"name\":\"Home\",\"item\":\"https:\\\/\\\/terix.com\\\/\"},{\"@type\":\"ListItem\",\"position\":2,\"name\":\"Partners\",\"item\":\"https:\\\/\\\/terix.com\\\/partners\\\/\"},{\"@type\":\"ListItem\",\"position\":3,\"name\":\"Channel Partner\",\"item\":\"https:\\\/\\\/terix.com\\\/partners\\\/channel-partner\\\/\"},{\"@type\":\"ListItem\",\"position\":4,\"name\":\"The Terix Advantage\"}]},{\"@type\":\"WebSite\",\"@id\":\"https:\\\/\\\/terix.com\\\/#website\",\"url\":\"https:\\\/\\\/terix.com\\\/\",\"name\":\"TERiX\",\"description\":\"Third Party Maintenance\",\"publisher\":{\"@id\":\"https:\\\/\\\/terix.com\\\/#organization\"},\"potentialAction\":[{\"@type\":\"SearchAction\",\"target\":{\"@type\":\"EntryPoint\",\"urlTemplate\":\"https:\\\/\\\/terix.com\\\/?s={search_term_string}\"},\"query-input\":{\"@type\":\"PropertyValueSpecification\",\"valueRequired\":true,\"valueName\":\"search_term_string\"}}],\"inLanguage\":\"fr-FR\"},{\"@type\":\"Organization\",\"@id\":\"https:\\\/\\\/terix.com\\\/#organization\",\"name\":\"TERiX International\",\"url\":\"https:\\\/\\\/terix.com\\\/\",\"logo\":{\"@type\":\"ImageObject\",\"inLanguage\":\"fr-FR\",\"@id\":\"https:\\\/\\\/terix.com\\\/#\\\/schema\\\/logo\\\/image\\\/\",\"url\":\"https:\\\/\\\/terix.com\\\/wp-content\\\/uploads\\\/2021\\\/09\\\/terix-logo.png\",\"contentUrl\":\"https:\\\/\\\/terix.com\\\/wp-content\\\/uploads\\\/2021\\\/09\\\/terix-logo.png\",\"width\":147,\"height\":56,\"caption\":\"TERiX International\"},\"image\":{\"@id\":\"https:\\\/\\\/terix.com\\\/#\\\/schema\\\/logo\\\/image\\\/\"},\"sameAs\":[\"https:\\\/\\\/www.facebook.com\\\/terixcompservice\\\/\",\"https:\\\/\\\/x.com\\\/TellTERix\",\"https:\\\/\\\/www.linkedin.com\\\/company\\\/terix-computer-service\"]}]}<\/script>\n<!-- \/ Yoast SEO plugin. -->","yoast_head_json":{"title":"[:en]The Terix Advantage[:fr]L\u2019avantage Terix[:] &#8211; TERiX","robots":{"index":"index","follow":"follow","max-snippet":"max-snippet:-1","max-image-preview":"max-image-preview:large","max-video-preview":"max-video-preview:-1"},"canonical":"https:\/\/terix.com\/partners\/channel-partner\/the-terix-advantage\/","og_locale":"fr_FR","og_type":"article","og_title":"[:en]The Terix Advantage[:fr]L\u2019avantage Terix[:] &#8211; TERiX","og_description":"L\u2019AVANTAGE TERIX Vos clients viennent \u00e0 vous pour des solutions.&hellip;Continue readingL\u2019avantage Terix","og_url":"https:\/\/terix.com\/partners\/channel-partner\/the-terix-advantage\/","og_site_name":"TERiX","article_publisher":"https:\/\/www.facebook.com\/terixcompservice\/","article_modified_time":"2021-12-16T09:29:23+00:00","og_image":[{"width":572,"height":278,"url":"https:\/\/terix.com\/wp-content\/uploads\/2022\/04\/terix_logo.png","type":"image\/png"}],"twitter_card":"summary_large_image","twitter_site":"@TellTERix","twitter_misc":{"Dur\u00e9e de lecture estim\u00e9e":"7 minutes"},"schema":{"@context":"https:\/\/schema.org","@graph":[{"@type":"WebPage","@id":"https:\/\/terix.com\/partners\/channel-partner\/the-terix-advantage\/","url":"https:\/\/terix.com\/partners\/channel-partner\/the-terix-advantage\/","name":"[:en]The Terix Advantage[:fr]L\u2019avantage Terix[:] &#8211; TERiX","isPartOf":{"@id":"https:\/\/terix.com\/#website"},"datePublished":"2021-12-13T13:50:40+00:00","dateModified":"2021-12-16T09:29:23+00:00","breadcrumb":{"@id":"https:\/\/terix.com\/partners\/channel-partner\/the-terix-advantage\/#breadcrumb"},"inLanguage":"fr-FR","potentialAction":[{"@type":"ReadAction","target":["https:\/\/terix.com\/partners\/channel-partner\/the-terix-advantage\/"]}]},{"@type":"BreadcrumbList","@id":"https:\/\/terix.com\/partners\/channel-partner\/the-terix-advantage\/#breadcrumb","itemListElement":[{"@type":"ListItem","position":1,"name":"Home","item":"https:\/\/terix.com\/"},{"@type":"ListItem","position":2,"name":"Partners","item":"https:\/\/terix.com\/partners\/"},{"@type":"ListItem","position":3,"name":"Channel Partner","item":"https:\/\/terix.com\/partners\/channel-partner\/"},{"@type":"ListItem","position":4,"name":"The Terix Advantage"}]},{"@type":"WebSite","@id":"https:\/\/terix.com\/#website","url":"https:\/\/terix.com\/","name":"TERiX","description":"Third Party Maintenance","publisher":{"@id":"https:\/\/terix.com\/#organization"},"potentialAction":[{"@type":"SearchAction","target":{"@type":"EntryPoint","urlTemplate":"https:\/\/terix.com\/?s={search_term_string}"},"query-input":{"@type":"PropertyValueSpecification","valueRequired":true,"valueName":"search_term_string"}}],"inLanguage":"fr-FR"},{"@type":"Organization","@id":"https:\/\/terix.com\/#organization","name":"TERiX International","url":"https:\/\/terix.com\/","logo":{"@type":"ImageObject","inLanguage":"fr-FR","@id":"https:\/\/terix.com\/#\/schema\/logo\/image\/","url":"https:\/\/terix.com\/wp-content\/uploads\/2021\/09\/terix-logo.png","contentUrl":"https:\/\/terix.com\/wp-content\/uploads\/2021\/09\/terix-logo.png","width":147,"height":56,"caption":"TERiX International"},"image":{"@id":"https:\/\/terix.com\/#\/schema\/logo\/image\/"},"sameAs":["https:\/\/www.facebook.com\/terixcompservice\/","https:\/\/x.com\/TellTERix","https:\/\/www.linkedin.com\/company\/terix-computer-service"]}]}},"_links":{"self":[{"href":"https:\/\/terix.com\/fr\/wp-json\/wp\/v2\/pages\/637","targetHints":{"allow":["GET"]}}],"collection":[{"href":"https:\/\/terix.com\/fr\/wp-json\/wp\/v2\/pages"}],"about":[{"href":"https:\/\/terix.com\/fr\/wp-json\/wp\/v2\/types\/page"}],"author":[{"embeddable":true,"href":"https:\/\/terix.com\/fr\/wp-json\/wp\/v2\/users\/1"}],"replies":[{"embeddable":true,"href":"https:\/\/terix.com\/fr\/wp-json\/wp\/v2\/comments?post=637"}],"version-history":[{"count":7,"href":"https:\/\/terix.com\/fr\/wp-json\/wp\/v2\/pages\/637\/revisions"}],"predecessor-version":[{"id":968,"href":"https:\/\/terix.com\/fr\/wp-json\/wp\/v2\/pages\/637\/revisions\/968"}],"up":[{"embeddable":true,"href":"https:\/\/terix.com\/fr\/wp-json\/wp\/v2\/pages\/639"}],"wp:attachment":[{"href":"https:\/\/terix.com\/fr\/wp-json\/wp\/v2\/media?parent=637"}],"curies":[{"name":"wp","href":"https:\/\/api.w.org\/{rel}","templated":true}]}}